{"id":548,"date":"2024-12-16T14:57:39","date_gmt":"2024-12-16T14:57:39","guid":{"rendered":"https:\/\/prototipo.cgmultimidia.com.br\/Infoterm\/?page_id=548"},"modified":"2025-02-04T11:26:40","modified_gmt":"2025-02-04T11:26:40","slug":"hvac-r-avacr","status":"publish","type":"page","link":"https:\/\/prototipo.cgmultimidia.com.br\/Infoterm\/hvac-r-avacr\/","title":{"rendered":"HVAC-R \/ AVACR"},"content":{"rendered":"\t\t<div data-elementor-type=\"wp-page\" data-elementor-id=\"548\" class=\"elementor elementor-548\" data-elementor-post-type=\"page\">\n\t\t\t\t\t\t<section class=\"elementor-section elementor-top-section elementor-element elementor-element-32e0476f elementor-section-content-middle elementor-section-boxed elementor-section-height-default elementor-section-height-default\" data-id=\"32e0476f\" data-element_type=\"section\">\n\t\t\t\t\t\t<div class=\"elementor-container elementor-column-gap-default\">\n\t\t\t\t\t<div class=\"elementor-column elementor-col-100 elementor-top-column elementor-element elementor-element-843241f\" data-id=\"843241f\" data-element_type=\"column\">\n\t\t\t<div class=\"elementor-widget-wrap\">\n\t\t\t\t\t\t\t<\/div>\n\t\t<\/div>\n\t\t\t\t\t<\/div>\n\t\t<\/section>\n\t\t\t\t<section class=\"elementor-section elementor-top-section elementor-element elementor-element-1511e90 elementor-section-content-middle elementor-hidden-desktop elementor-section-boxed elementor-section-height-default elementor-section-height-default\" data-id=\"1511e90\" data-element_type=\"section\">\n\t\t\t\t\t\t<div class=\"elementor-container elementor-column-gap-default\">\n\t\t\t\t\t<div class=\"elementor-column elementor-col-100 elementor-top-column elementor-element elementor-element-addd0cc\" data-id=\"addd0cc\" data-element_type=\"column\">\n\t\t\t<div class=\"elementor-widget-wrap\">\n\t\t\t\t\t\t\t<\/div>\n\t\t<\/div>\n\t\t\t\t\t<\/div>\n\t\t<\/section>\n\t\t\t\t<section class=\"elementor-section elementor-top-section elementor-element elementor-element-53b8b8e elementor-section-boxed elementor-section-height-default elementor-section-height-default\" data-id=\"53b8b8e\" data-element_type=\"section\">\n\t\t\t\t\t\t<div class=\"elementor-container elementor-column-gap-default\">\n\t\t\t\t\t<div class=\"elementor-column elementor-col-50 elementor-top-column elementor-element elementor-element-4bb66442\" data-id=\"4bb66442\" data-element_type=\"column\">\n\t\t\t<div class=\"elementor-widget-wrap elementor-element-populated\">\n\t\t\t\t\t\t<div class=\"elementor-element elementor-element-f1621ba elementor-widget elementor-widget-heading\" data-id=\"f1621ba\" data-element_type=\"widget\" data-widget_type=\"heading.default\">\n\t\t\t\t<div class=\"elementor-widget-container\">\n\t\t\t<h2 class=\"elementor-heading-title elementor-size-default\">HVAC-R \/ AVAC-R<\/h2>\t\t<\/div>\n\t\t\t\t<\/div>\n\t\t\t\t<div class=\"elementor-element elementor-element-42f7512d elementor-widget elementor-widget-text-editor\" data-id=\"42f7512d\" data-element_type=\"widget\" data-widget_type=\"text-editor.default\">\n\t\t\t\t<div class=\"elementor-widget-container\">\n\t\t\t\t\t\t\t<p><span style=\"font-weight: 400;\">Sigla para Heating, Ventilation, Air Conditioning and Refrigeration, que em portugu\u00eas significa Aquecimento, Ventila\u00e7\u00e3o, Ar Condicionado e Refrigera\u00e7\u00e3o.\u00a0<\/span><\/p><p><span style=\"font-weight: 400;\">O HVAC-R \u00e9 um sistema que possui quatro fun\u00e7\u00f5es principais: Aquecer, Ventilar, Condicionar, Refrigerar.\u00a0<\/span><\/p><p><span style=\"font-weight: 400;\">O HVAC-R \u00e9 importante para proporcionar conforto t\u00e9rmico e manter as pessoas seguras e felizes. Os t\u00e9cnicos de HVAC-R s\u00e3o necess\u00e1rios em todo o pa\u00eds e em muitos lugares do mundo.<\/span><\/p>\t\t\t\t\t\t<\/div>\n\t\t\t\t<\/div>\n\t\t\t\t\t<\/div>\n\t\t<\/div>\n\t\t\t\t<div class=\"elementor-column elementor-col-50 elementor-top-column elementor-element elementor-element-25dafaf9\" data-id=\"25dafaf9\" data-element_type=\"column\">\n\t\t\t<div class=\"elementor-widget-wrap elementor-element-populated\">\n\t\t\t\t\t\t<section class=\"elementor-section elementor-inner-section elementor-element elementor-element-692bb279 elementor-section-boxed elementor-section-height-default elementor-section-height-default\" data-id=\"692bb279\" data-element_type=\"section\">\n\t\t\t\t\t\t<div class=\"elementor-container elementor-column-gap-no\">\n\t\t\t\t\t<div class=\"elementor-column elementor-col-100 elementor-inner-column elementor-element elementor-element-765e3df9\" data-id=\"765e3df9\" data-element_type=\"column\">\n\t\t\t<div class=\"elementor-widget-wrap elementor-element-populated\">\n\t\t\t\t\t\t<div class=\"elementor-element elementor-element-539cceb1 elementor-widget elementor-widget-jkit_team\" data-id=\"539cceb1\" data-element_type=\"widget\" data-widget_type=\"jkit_team.default\">\n\t\t\t\t<div class=\"elementor-widget-container\">\n\t\t\t<div  class=\"jeg-elementor-kit jkit-team style-title-horizontal  jeg_module___69f3791630af3\" ><div class=\"profile-card\"><img fetchpriority=\"high\" decoding=\"async\" width=\"319\" height=\"176\" src=\"https:\/\/prototipo.cgmultimidia.com.br\/Infoterm\/wp-content\/uploads\/2025\/02\/Sem-Titulo-1.png\" class=\"attachment-full size-full\" alt=\"\" url=\"https:\/\/prototipo.cgmultimidia.com.br\/Infoterm\/wp-content\/uploads\/2025\/02\/Sem-Titulo-1.png\" source=\"library\" \/><div class=\"image-hover-bg\"><\/div><div class=\"profile-body\">\n                <div class=\"title-wrapper\">\n\t\t\t\t\t<p class=\"profile-designation \"><\/p>\n\t\t\t\t\t\n\t\t\t\t<\/div>\n\t\t\t\t<div class=\"name-wrapper\">\n\t\t\t\t\t<h3 class=\"profile-title\"><\/h3>\n\t\t\t\t\t<ul class=\"social-list\"><\/ul>\n\t\t\t\t<\/div>\n            <\/div><\/div><\/div>\t\t<\/div>\n\t\t\t\t<\/div>\n\t\t\t\t\t<\/div>\n\t\t<\/div>\n\t\t\t\t\t<\/div>\n\t\t<\/section>\n\t\t\t\t\t<\/div>\n\t\t<\/div>\n\t\t\t\t\t<\/div>\n\t\t<\/section>\n\t\t\t\t<\/div>\n\t\t","protected":false},"excerpt":{"rendered":"<p>HVAC-R \/ AVAC-R Sigla para Heating, Ventilation, Air Conditioning and Refrigeration, que em portugu\u00eas significa Aquecimento, Ventila\u00e7\u00e3o, Ar Condicionado e Refrigera\u00e7\u00e3o.\u00a0 O HVAC-R \u00e9 um sistema que possui quatro fun\u00e7\u00f5es principais: Aquecer, Ventilar, Condicionar, Refrigerar.\u00a0 O HVAC-R \u00e9 importante para proporcionar conforto t\u00e9rmico e manter as pessoas seguras e felizes. Os t\u00e9cnicos de HVAC-R s\u00e3o [&#8230;]\n","protected":false},"author":1,"featured_media":0,"parent":0,"menu_order":0,"comment_status":"closed","ping_status":"closed","template":"elementor_header_footer","meta":{"footnotes":""},"class_list":["post-548","page","type-page","status-publish","hentry"],"_links":{"self":[{"href":"https:\/\/prototipo.cgmultimidia.com.br\/Infoterm\/wp-json\/wp\/v2\/pages\/548","targetHints":{"allow":["GET"]}}],"collection":[{"href":"https:\/\/prototipo.cgmultimidia.com.br\/Infoterm\/wp-json\/wp\/v2\/pages"}],"about":[{"href":"https:\/\/prototipo.cgmultimidia.com.br\/Infoterm\/wp-json\/wp\/v2\/types\/page"}],"author":[{"embeddable":true,"href":"https:\/\/prototipo.cgmultimidia.com.br\/Infoterm\/wp-json\/wp\/v2\/users\/1"}],"replies":[{"embeddable":true,"href":"https:\/\/prototipo.cgmultimidia.com.br\/Infoterm\/wp-json\/wp\/v2\/comments?post=548"}],"version-history":[{"count":28,"href":"https:\/\/prototipo.cgmultimidia.com.br\/Infoterm\/wp-json\/wp\/v2\/pages\/548\/revisions"}],"predecessor-version":[{"id":932,"href":"https:\/\/prototipo.cgmultimidia.com.br\/Infoterm\/wp-json\/wp\/v2\/pages\/548\/revisions\/932"}],"wp:attachment":[{"href":"https:\/\/prototipo.cgmultimidia.com.br\/Infoterm\/wp-json\/wp\/v2\/media?parent=548"}],"curies":[{"name":"wp","href":"https:\/\/api.w.org\/{rel}","templated":true}]}}