{"id":571,"date":"2025-01-10T07:55:24","date_gmt":"2025-01-10T07:55:24","guid":{"rendered":"https:\/\/prototipo.cgmultimidia.com.br\/Infoterm\/?page_id=571"},"modified":"2025-02-07T14:04:50","modified_gmt":"2025-02-07T14:04:50","slug":"resolucao-09","status":"publish","type":"page","link":"https:\/\/prototipo.cgmultimidia.com.br\/Infoterm\/resolucao-09\/","title":{"rendered":"RESOLU\u00c7\u00c3O 09"},"content":{"rendered":"\t\t<div data-elementor-type=\"wp-page\" data-elementor-id=\"571\" class=\"elementor elementor-571\" data-elementor-post-type=\"page\">\n\t\t\t\t\t\t<section class=\"elementor-section elementor-top-section elementor-element elementor-element-6286eba2 elementor-reverse-tablet elementor-reverse-mobile elementor-section-boxed elementor-section-height-default elementor-section-height-default\" data-id=\"6286eba2\" data-element_type=\"section\" data-settings=\"{&quot;background_background&quot;:&quot;classic&quot;}\">\n\t\t\t\t\t\t\t<div class=\"elementor-background-overlay\"><\/div>\n\t\t\t\t\t\t\t<div class=\"elementor-container elementor-column-gap-default\">\n\t\t\t\t\t<div class=\"elementor-column elementor-col-100 elementor-top-column elementor-element elementor-element-3a76b31\" data-id=\"3a76b31\" data-element_type=\"column\">\n\t\t\t<div class=\"elementor-widget-wrap\">\n\t\t\t\t\t\t\t<\/div>\n\t\t<\/div>\n\t\t\t\t\t<\/div>\n\t\t<\/section>\n\t\t\t\t<section class=\"elementor-section elementor-top-section elementor-element elementor-element-74181f29 elementor-section-content-middle elementor-section-boxed elementor-section-height-default elementor-section-height-default\" data-id=\"74181f29\" data-element_type=\"section\">\n\t\t\t\t\t\t<div class=\"elementor-container elementor-column-gap-default\">\n\t\t\t\t\t<div class=\"elementor-column elementor-col-100 elementor-top-column elementor-element elementor-element-353998a3\" data-id=\"353998a3\" data-element_type=\"column\" data-settings=\"{&quot;background_background&quot;:&quot;classic&quot;}\">\n\t\t\t<div class=\"elementor-widget-wrap elementor-element-populated\">\n\t\t\t\t<div class=\"elementor-element elementor-element-88e6887 e-flex e-con-boxed e-con e-parent\" data-id=\"88e6887\" data-element_type=\"container\">\n\t\t\t\t\t<div class=\"e-con-inner\">\n\t\t\t\t<div class=\"elementor-element elementor-element-dde5468 elementor-hidden-desktop elementor-widget elementor-widget-text-editor\" data-id=\"dde5468\" data-element_type=\"widget\" data-widget_type=\"text-editor.default\">\n\t\t\t\t<div class=\"elementor-widget-container\">\n\t\t\t\t\t\t\t<h5>Resolu\u00e7\u00e3o<strong> RE n\u00ba 09<\/strong>, de 16 de Janeiro de 2003 da ANVISA<\/h5><h5>Estabelecia os padr\u00f5es de qualidade do ar interno e foi<br \/>revogada e substitu\u00edda pela nova norma <strong>ABNT NBR 17037<\/strong>.<br \/>Esta Norma estabelece os padr\u00f5es referenciais de qualidade do<br \/>ar interior em ambientes n\u00e3o residenciais climatizados<br \/>artificialmente e os valores m\u00e1ximos para contamina\u00e7\u00f5es<br \/>biol\u00f3gicas e qu\u00edmicas e par\u00e2metros f\u00edsicos do ar interior<br \/>relacionados \u00e0s fontes contaminantes de naturezas biol\u00f3gica,<br \/>qu\u00edmica e f\u00edsica.<\/h5>\t\t\t\t\t\t<\/div>\n\t\t\t\t<\/div>\n\t\t\t\t<div class=\"elementor-element elementor-element-608f4e3 elementor-hidden-tablet elementor-hidden-mobile elementor-widget elementor-widget-text-editor\" data-id=\"608f4e3\" data-element_type=\"widget\" data-widget_type=\"text-editor.default\">\n\t\t\t\t<div class=\"elementor-widget-container\">\n\t\t\t\t\t\t\t<h5>Resolu\u00e7\u00e3o <strong>RE n\u00ba 09<\/strong>, de 16 de Janeiro de 2003 da ANVISA<\/h5><h5>Estabelecia os padr\u00f5es de qualidade do ar interno e foi<br \/>revogada e substitu\u00edda pela nova norma <strong>ABNT NBR 17037<\/strong>.<br \/>Esta Norma estabelece os padr\u00f5es referenciais de qualidade do<br \/>ar interior em ambientes n\u00e3o residenciais climatizados<br \/>artificialmente e os valores m\u00e1ximos para contamina\u00e7\u00f5es<br \/>biol\u00f3gicas e qu\u00edmicas e par\u00e2metros f\u00edsicos do ar interior<br \/>relacionados \u00e0s fontes contaminantes de naturezas biol\u00f3gica,<br \/>qu\u00edmica e f\u00edsica.<\/h5>\t\t\t\t\t\t<\/div>\n\t\t\t\t<\/div>\n\t\t\t\t\t<\/div>\n\t\t\t\t<\/div>\n\t\t<div class=\"elementor-element elementor-element-0d81aaa e-grid e-con-boxed e-con e-parent\" data-id=\"0d81aaa\" data-element_type=\"container\">\n\t\t\t\t\t<div class=\"e-con-inner\">\n\t\t\t\t<div class=\"elementor-element elementor-element-2b5c809 elementor-hidden-tablet elementor-hidden-mobile elementor-widget elementor-widget-image\" data-id=\"2b5c809\" data-element_type=\"widget\" data-widget_type=\"image.default\">\n\t\t\t\t<div class=\"elementor-widget-container\">\n\t\t\t\t\t\t\t\t\t\t\t\t\t<img decoding=\"async\" width=\"210\" height=\"150\" src=\"https:\/\/prototipo.cgmultimidia.com.br\/Infoterm\/wp-content\/uploads\/2025\/01\/Anvisa-Logo-1.png\" class=\"attachment-large size-large wp-image-638\" alt=\"\" \/>\t\t\t\t\t\t\t\t\t\t\t\t\t<\/div>\n\t\t\t\t<\/div>\n\t\t\t\t<div class=\"elementor-element elementor-element-bd93a1d elementor-hidden-tablet elementor-hidden-mobile elementor-widget elementor-widget-text-editor\" data-id=\"bd93a1d\" data-element_type=\"widget\" data-widget_type=\"text-editor.default\">\n\t\t\t\t<div class=\"elementor-widget-container\">\n\t\t\t\t\t\t\t<h5><strong>AG\u00caNCIA NACIONAL DE VIGIL\u00c2NCIA SANIT\u00c1RIA<\/strong><\/h5>\t\t\t\t\t\t<\/div>\n\t\t\t\t<\/div>\n\t\t\t\t\t<\/div>\n\t\t\t\t<\/div>\n\t\t<div class=\"elementor-element elementor-element-3562f6b e-grid elementor-hidden-desktop e-con-boxed e-con e-parent\" data-id=\"3562f6b\" data-element_type=\"container\">\n\t\t\t\t\t<div class=\"e-con-inner\">\n\t\t\t\t<div class=\"elementor-element elementor-element-c62eacf elementor-widget elementor-widget-image\" data-id=\"c62eacf\" data-element_type=\"widget\" data-widget_type=\"image.default\">\n\t\t\t\t<div class=\"elementor-widget-container\">\n\t\t\t\t\t\t\t\t\t\t\t\t\t<img decoding=\"async\" width=\"210\" height=\"150\" src=\"https:\/\/prototipo.cgmultimidia.com.br\/Infoterm\/wp-content\/uploads\/2025\/01\/Anvisa-Logo-1.png\" class=\"attachment-large size-large wp-image-638\" alt=\"\" \/>\t\t\t\t\t\t\t\t\t\t\t\t\t<\/div>\n\t\t\t\t<\/div>\n\t\t\t\t<div class=\"elementor-element elementor-element-2b22ebb elementor-widget elementor-widget-text-editor\" data-id=\"2b22ebb\" data-element_type=\"widget\" data-widget_type=\"text-editor.default\">\n\t\t\t\t<div class=\"elementor-widget-container\">\n\t\t\t\t\t\t\t<h5><strong>AG\u00caNCIA NACIONAL DE VIGIL\u00c2NCIA SANIT\u00c1RIA<\/strong><\/h5>\t\t\t\t\t\t<\/div>\n\t\t\t\t<\/div>\n\t\t\t\t\t<\/div>\n\t\t\t\t<\/div>\n\t\t\t\t\t<\/div>\n\t\t<\/div>\n\t\t\t\t\t<\/div>\n\t\t<\/section>\n\t\t\t\t<\/div>\n\t\t","protected":false},"excerpt":{"rendered":"<p>Resolu\u00e7\u00e3o RE n\u00ba 09, de 16 de Janeiro de 2003 da ANVISA Estabelecia os padr\u00f5es de qualidade do ar interno e foirevogada e substitu\u00edda pela nova norma ABNT NBR 17037.Esta Norma estabelece os padr\u00f5es referenciais de qualidade doar interior em ambientes n\u00e3o residenciais climatizadosartificialmente e os valores m\u00e1ximos para contamina\u00e7\u00f5esbiol\u00f3gicas e qu\u00edmicas e par\u00e2metros f\u00edsicos [&#8230;]\n","protected":false},"author":1,"featured_media":0,"parent":0,"menu_order":0,"comment_status":"closed","ping_status":"closed","template":"elementor_header_footer","meta":{"footnotes":""},"class_list":["post-571","page","type-page","status-publish","hentry"],"_links":{"self":[{"href":"https:\/\/prototipo.cgmultimidia.com.br\/Infoterm\/wp-json\/wp\/v2\/pages\/571","targetHints":{"allow":["GET"]}}],"collection":[{"href":"https:\/\/prototipo.cgmultimidia.com.br\/Infoterm\/wp-json\/wp\/v2\/pages"}],"about":[{"href":"https:\/\/prototipo.cgmultimidia.com.br\/Infoterm\/wp-json\/wp\/v2\/types\/page"}],"author":[{"embeddable":true,"href":"https:\/\/prototipo.cgmultimidia.com.br\/Infoterm\/wp-json\/wp\/v2\/users\/1"}],"replies":[{"embeddable":true,"href":"https:\/\/prototipo.cgmultimidia.com.br\/Infoterm\/wp-json\/wp\/v2\/comments?post=571"}],"version-history":[{"count":28,"href":"https:\/\/prototipo.cgmultimidia.com.br\/Infoterm\/wp-json\/wp\/v2\/pages\/571\/revisions"}],"predecessor-version":[{"id":1072,"href":"https:\/\/prototipo.cgmultimidia.com.br\/Infoterm\/wp-json\/wp\/v2\/pages\/571\/revisions\/1072"}],"wp:attachment":[{"href":"https:\/\/prototipo.cgmultimidia.com.br\/Infoterm\/wp-json\/wp\/v2\/media?parent=571"}],"curies":[{"name":"wp","href":"https:\/\/api.w.org\/{rel}","templated":true}]}}