{"id":834,"date":"2025-01-28T17:14:56","date_gmt":"2025-01-28T17:14:56","guid":{"rendered":"https:\/\/prototipo.cgmultimidia.com.br\/Infoterm\/?page_id=834"},"modified":"2025-02-07T13:57:26","modified_gmt":"2025-02-07T13:57:26","slug":"politica-de-privacidade","status":"publish","type":"page","link":"https:\/\/prototipo.cgmultimidia.com.br\/Infoterm\/politica-de-privacidade\/","title":{"rendered":"Pol\u00edtica de Privacidade"},"content":{"rendered":"\t\t<div data-elementor-type=\"wp-page\" data-elementor-id=\"834\" class=\"elementor elementor-834\" data-elementor-post-type=\"page\">\n\t\t\t\t\t\t<section class=\"elementor-section elementor-top-section elementor-element elementor-element-572daf1f elementor-reverse-tablet elementor-reverse-mobile elementor-section-boxed elementor-section-height-default elementor-section-height-default\" data-id=\"572daf1f\" data-element_type=\"section\" data-settings=\"{&quot;background_background&quot;:&quot;classic&quot;}\">\n\t\t\t\t\t\t\t<div class=\"elementor-background-overlay\"><\/div>\n\t\t\t\t\t\t\t<div class=\"elementor-container elementor-column-gap-default\">\n\t\t\t\t\t<div class=\"elementor-column elementor-col-100 elementor-top-column elementor-element elementor-element-f93a6c2\" data-id=\"f93a6c2\" data-element_type=\"column\" data-settings=\"{&quot;background_background&quot;:&quot;classic&quot;}\">\n\t\t\t<div class=\"elementor-widget-wrap\">\n\t\t\t\t\t\t\t<\/div>\n\t\t<\/div>\n\t\t\t\t\t<\/div>\n\t\t<\/section>\n\t\t<div class=\"elementor-element elementor-element-53ecb7a7 e-flex e-con-boxed e-con e-parent\" data-id=\"53ecb7a7\" data-element_type=\"container\">\n\t\t\t\t\t<div class=\"e-con-inner\">\n\t\t\t\t<div class=\"elementor-element elementor-element-79757e5 elementor-widget elementor-widget-text-editor\" data-id=\"79757e5\" data-element_type=\"widget\" data-widget_type=\"text-editor.default\">\n\t\t\t\t<div class=\"elementor-widget-container\">\n\t\t\t\t\t\t\t<!-- wp:html --><!-- \/wp:html -->\t\t\t\t\t\t<\/div>\n\t\t\t\t<\/div>\n\t\t\t\t\t<\/div>\n\t\t\t\t<\/div>\n\t\t<div class=\"elementor-element elementor-element-987e4de e-con-full e-flex e-con e-parent\" data-id=\"987e4de\" data-element_type=\"container\">\n\t\t\t\t<div class=\"elementor-element elementor-element-0ca5286 elementor-hidden-desktop elementor-widget elementor-widget-text-editor\" data-id=\"0ca5286\" data-element_type=\"widget\" data-widget_type=\"text-editor.default\">\n\t\t\t\t<div class=\"elementor-widget-container\">\n\t\t\t\t\t\t\t<h1>Pol\u00edtica de Privacidade<\/h1>\n<h5><b>Introdu\u00e7\u00e3o<\/b><\/h5>\n<h5><span style=\"font-weight: 400;\">Bem-vindo ao nosso site. A sua privacidade \u00e9 muito importante para n\u00f3s. Esta Pol\u00edtica de Privacidade descreve como coletamos, usamos, e protegemos as informa\u00e7\u00f5es pessoais fornecidas pelos usu\u00e1rios.<\/span><\/h5>\n<h5><b>Coleta de Dados<\/b><\/h5>\n<h5><span style=\"font-weight: 400;\">Atualmente, coletamos dados de navega\u00e7\u00e3o por meio do Google Analytics. Isso inclui informa\u00e7\u00f5es como:<\/span><\/h5>\n<ul>\n<li style=\"font-weight: 400;\" aria-level=\"1\">\n<h5><span style=\"font-weight: 400;\">Endere\u00e7o IP (anonimizado quando poss\u00edvel);<\/span><\/h5>\n<\/li>\n<li style=\"font-weight: 400;\" aria-level=\"1\">\n<h5><span style=\"font-weight: 400;\">Tipo de navegador e dispositivo;<\/span><\/h5>\n<\/li>\n<li style=\"font-weight: 400;\" aria-level=\"1\">\n<h5><span style=\"font-weight: 400;\">P\u00e1ginas acessadas e tempo gasto no site;<\/span><\/h5>\n<\/li>\n<li style=\"font-weight: 400;\" aria-level=\"1\">\n<h5><span style=\"font-weight: 400;\">Dados geogr\u00e1ficos gen\u00e9ricos (pa\u00eds, regi\u00e3o, idioma).<\/span><\/h5>\n<\/li>\n<\/ul>\n<h5><span style=\"font-weight: 400;\">Tamb\u00e9m coletamos informa\u00e7\u00f5es pessoais fornecidas atrav\u00e9s da p\u00e1gina de contato, como:<\/span><\/h5>\n<ul>\n<li style=\"font-weight: 400;\" aria-level=\"1\">\n<h5><span style=\"font-weight: 400;\">Nome;<\/span><\/h5>\n<\/li>\n<li style=\"font-weight: 400;\" aria-level=\"1\">\n<h5><span style=\"font-weight: 400;\">E-mail;<\/span><\/h5>\n<\/li>\n<li style=\"font-weight: 400;\" aria-level=\"1\">\n<h5><span style=\"font-weight: 400;\">Mensagem enviada.<\/span><\/h5>\n<\/li>\n<\/ul>\n<h5><b>Uso das Informa\u00e7\u00f5es<\/b><\/h5>\n<h5><span style=\"font-weight: 400;\">Os dados coletados s\u00e3o usados para:<\/span><\/h5>\n<ul>\n<li style=\"font-weight: 400;\" aria-level=\"1\">\n<h5><span style=\"font-weight: 400;\">Melhorar a experi\u00eancia do usu\u00e1rio no site;<\/span><\/h5>\n<\/li>\n<li style=\"font-weight: 400;\" aria-level=\"1\">\n<h5><span style=\"font-weight: 400;\">An\u00e1lises estat\u00edsticas e de marketing;<\/span><\/h5>\n<\/li>\n<li style=\"font-weight: 400;\" aria-level=\"1\">\n<h5><span style=\"font-weight: 400;\">Responder \u00e0s solicita\u00e7\u00f5es enviadas pelo formul\u00e1rio de contato.<\/span><\/h5>\n<\/li>\n<\/ul>\n<h5><b>Cookies e Tecnologias Semelhantes<\/b><\/h5>\n<h5><span style=\"font-weight: 400;\">Utilizamos cookies para:<\/span><\/h5>\n<ul>\n<li style=\"font-weight: 400;\" aria-level=\"1\">\n<h5><span style=\"font-weight: 400;\">Coletar informa\u00e7\u00f5es de navega\u00e7\u00e3o (atrav\u00e9s do Google Analytics);<\/span><\/h5>\n<\/li>\n<li style=\"font-weight: 400;\" aria-level=\"1\">\n<h5><span style=\"font-weight: 400;\">Melhorar a funcionalidade do site. Voc\u00ea pode desativar os cookies ajustando as configura\u00e7\u00f5es do seu navegador.<\/span><\/h5>\n<\/li>\n<\/ul>\n<h5><b>Seguran\u00e7a dos Dados<\/b><\/h5>\n<h5><span style=\"font-weight: 400;\">Adotamos medidas t\u00e9cnicas e organizacionais adequadas para proteger as informa\u00e7\u00f5es pessoais contra acesso n\u00e3o autorizado, perda ou uso indevido.<\/span><\/h5>\n<h5><b>Altera\u00e7\u00f5es na Pol\u00edtica de Privacidade<\/b><\/h5>\n<h5><span style=\"font-weight: 400;\">Reservamo-nos o direito de atualizar esta pol\u00edtica periodicamente. Recomendamos que voc\u00ea revise esta p\u00e1gina para se manter informado.<\/span><\/h5>\n<h5><b>Contato<\/b><\/h5>\n<h5><span style=\"font-weight: 400;\">Se tiver d\u00favidas sobre esta Pol\u00edtica de Privacidade, entre em contato pelo formul\u00e1rio dispon\u00edvel no site.<\/span><\/h5>\t\t\t\t\t\t<\/div>\n\t\t\t\t<\/div>\n\t\t\t\t<div class=\"elementor-element elementor-element-9c9f110 elementor-hidden-tablet elementor-hidden-mobile elementor-widget elementor-widget-text-editor\" data-id=\"9c9f110\" data-element_type=\"widget\" data-widget_type=\"text-editor.default\">\n\t\t\t\t<div class=\"elementor-widget-container\">\n\t\t\t\t\t\t\t<h1>Pol\u00edtica de Privacidade<\/h1>\n<h3><b>Introdu\u00e7\u00e3o<\/b><\/h3>\n<h3><span style=\"font-weight: 400;\">Bem-vindo ao nosso site. A sua privacidade \u00e9 muito importante para n\u00f3s. Esta Pol\u00edtica de Privacidade descreve como coletamos, usamos, e protegemos as informa\u00e7\u00f5es pessoais fornecidas pelos usu\u00e1rios.<\/span><\/h3>\n<h3><b>Coleta de Dados<\/b><\/h3>\n<h3><span style=\"font-weight: 400;\">Atualmente, coletamos dados de navega\u00e7\u00e3o por meio do Google Analytics. Isso inclui informa\u00e7\u00f5es como:<\/span><\/h3>\n<ul>\n<li style=\"font-weight: 400;\" aria-level=\"1\">\n<h3><span style=\"font-weight: 400;\">Endere\u00e7o IP (anonimizado quando poss\u00edvel);<\/span><\/h3>\n<\/li>\n<li style=\"font-weight: 400;\" aria-level=\"1\">\n<h3><span style=\"font-weight: 400;\">Tipo de navegador e dispositivo;<\/span><\/h3>\n<\/li>\n<li style=\"font-weight: 400;\" aria-level=\"1\">\n<h3><span style=\"font-weight: 400;\">P\u00e1ginas acessadas e tempo gasto no site;<\/span><\/h3>\n<\/li>\n<li style=\"font-weight: 400;\" aria-level=\"1\">\n<h3><span style=\"font-weight: 400;\">Dados geogr\u00e1ficos gen\u00e9ricos (pa\u00eds, regi\u00e3o, idioma).<\/span><\/h3>\n<\/li>\n<\/ul>\n<h3><span style=\"font-weight: 400;\">Tamb\u00e9m coletamos informa\u00e7\u00f5es pessoais fornecidas atrav\u00e9s da p\u00e1gina de contato, como:<\/span><\/h3>\n<ul>\n<li style=\"font-weight: 400;\" aria-level=\"1\">\n<h3><span style=\"font-weight: 400;\">Nome;<\/span><\/h3>\n<\/li>\n<li style=\"font-weight: 400;\" aria-level=\"1\">\n<h3><span style=\"font-weight: 400;\">E-mail;<\/span><\/h3>\n<\/li>\n<li style=\"font-weight: 400;\" aria-level=\"1\">\n<h3><span style=\"font-weight: 400;\">Mensagem enviada.<\/span><\/h3>\n<\/li>\n<\/ul>\n<h3><b>Uso das Informa\u00e7\u00f5es<\/b><\/h3>\n<h3><span style=\"font-weight: 400;\">Os dados coletados s\u00e3o usados para:<\/span><\/h3>\n<ul>\n<li style=\"font-weight: 400;\" aria-level=\"1\">\n<h3><span style=\"font-weight: 400;\">Melhorar a experi\u00eancia do usu\u00e1rio no site;<\/span><\/h3>\n<\/li>\n<li style=\"font-weight: 400;\" aria-level=\"1\">\n<h3><span style=\"font-weight: 400;\">An\u00e1lises estat\u00edsticas e de marketing;<\/span><\/h3>\n<\/li>\n<li style=\"font-weight: 400;\" aria-level=\"1\">\n<h3><span style=\"font-weight: 400;\">Responder \u00e0s solicita\u00e7\u00f5es enviadas pelo formul\u00e1rio de contato.<\/span><\/h3>\n<\/li>\n<\/ul>\n<h3><b>Cookies e Tecnologias Semelhantes<\/b><\/h3>\n<h3><span style=\"font-weight: 400;\">Utilizamos cookies para:<\/span><\/h3>\n<ul>\n<li style=\"font-weight: 400;\" aria-level=\"1\">\n<h3><span style=\"font-weight: 400;\">Coletar informa\u00e7\u00f5es de navega\u00e7\u00e3o (atrav\u00e9s do Google Analytics);<\/span><\/h3>\n<\/li>\n<li style=\"font-weight: 400;\" aria-level=\"1\">\n<h3><span style=\"font-weight: 400;\">Melhorar a funcionalidade do site. Voc\u00ea pode desativar os cookies ajustando as configura\u00e7\u00f5es do seu navegador.<\/span><\/h3>\n<\/li>\n<\/ul>\n<h3><b>Seguran\u00e7a dos Dados<\/b><\/h3>\n<h3><span style=\"font-weight: 400;\">Adotamos medidas t\u00e9cnicas e organizacionais adequadas para proteger as informa\u00e7\u00f5es pessoais contra acesso n\u00e3o autorizado, perda ou uso indevido.<\/span><\/h3>\n<h3><b>Altera\u00e7\u00f5es na Pol\u00edtica de Privacidade<\/b><\/h3>\n<h3><span style=\"font-weight: 400;\">Reservamo-nos o direito de atualizar esta pol\u00edtica periodicamente. Recomendamos que voc\u00ea revise esta p\u00e1gina para se manter informado.<\/span><\/h3>\n<h3><b>Contato<\/b><\/h3>\n<h3><span style=\"font-weight: 400;\">Se tiver d\u00favidas sobre esta Pol\u00edtica de Privacidade, entre em contato pelo formul\u00e1rio dispon\u00edvel no site.<\/span><\/h3>\t\t\t\t\t\t<\/div>\n\t\t\t\t<\/div>\n\t\t\t\t<\/div>\n\t\t<div class=\"elementor-element elementor-element-0a08819 e-flex e-con-boxed e-con e-parent\" data-id=\"0a08819\" data-element_type=\"container\">\n\t\t\t\t\t<div class=\"e-con-inner\">\n\t\t\t\t<div class=\"elementor-element elementor-element-e523ed0 elementor-widget elementor-widget-spacer\" data-id=\"e523ed0\" data-element_type=\"widget\" data-widget_type=\"spacer.default\">\n\t\t\t\t<div class=\"elementor-widget-container\">\n\t\t\t\t\t<div class=\"elementor-spacer\">\n\t\t\t<div class=\"elementor-spacer-inner\"><\/div>\n\t\t<\/div>\n\t\t\t\t<\/div>\n\t\t\t\t<\/div>\n\t\t\t\t\t<\/div>\n\t\t\t\t<\/div>\n\t\t\t\t<\/div>\n\t\t","protected":false},"excerpt":{"rendered":"<p>Pol\u00edtica de Privacidade Introdu\u00e7\u00e3o Bem-vindo ao nosso site. A sua privacidade \u00e9 muito importante para n\u00f3s. Esta Pol\u00edtica de Privacidade descreve como coletamos, usamos, e protegemos as informa\u00e7\u00f5es pessoais fornecidas pelos usu\u00e1rios. Coleta de Dados Atualmente, coletamos dados de navega\u00e7\u00e3o por meio do Google Analytics. Isso inclui informa\u00e7\u00f5es como: Endere\u00e7o IP (anonimizado quando poss\u00edvel); Tipo [&#8230;]\n","protected":false},"author":1,"featured_media":0,"parent":0,"menu_order":0,"comment_status":"closed","ping_status":"closed","template":"elementor_header_footer","meta":{"footnotes":""},"class_list":["post-834","page","type-page","status-publish","hentry"],"_links":{"self":[{"href":"https:\/\/prototipo.cgmultimidia.com.br\/Infoterm\/wp-json\/wp\/v2\/pages\/834","targetHints":{"allow":["GET"]}}],"collection":[{"href":"https:\/\/prototipo.cgmultimidia.com.br\/Infoterm\/wp-json\/wp\/v2\/pages"}],"about":[{"href":"https:\/\/prototipo.cgmultimidia.com.br\/Infoterm\/wp-json\/wp\/v2\/types\/page"}],"author":[{"embeddable":true,"href":"https:\/\/prototipo.cgmultimidia.com.br\/Infoterm\/wp-json\/wp\/v2\/users\/1"}],"replies":[{"embeddable":true,"href":"https:\/\/prototipo.cgmultimidia.com.br\/Infoterm\/wp-json\/wp\/v2\/comments?post=834"}],"version-history":[{"count":37,"href":"https:\/\/prototipo.cgmultimidia.com.br\/Infoterm\/wp-json\/wp\/v2\/pages\/834\/revisions"}],"predecessor-version":[{"id":1057,"href":"https:\/\/prototipo.cgmultimidia.com.br\/Infoterm\/wp-json\/wp\/v2\/pages\/834\/revisions\/1057"}],"wp:attachment":[{"href":"https:\/\/prototipo.cgmultimidia.com.br\/Infoterm\/wp-json\/wp\/v2\/media?parent=834"}],"curies":[{"name":"wp","href":"https:\/\/api.w.org\/{rel}","templated":true}]}}