{"id":26,"date":"2023-10-11T18:19:57","date_gmt":"2023-10-11T18:19:57","guid":{"rendered":"https:\/\/prototipo.cgmultimidia.com.br\/domcarneiro\/?page_id=26"},"modified":"2023-12-12T17:26:42","modified_gmt":"2023-12-12T17:26:42","slug":"acougue","status":"publish","type":"page","link":"https:\/\/prototipo.cgmultimidia.com.br\/domcarneiro\/index.php\/acougue\/","title":{"rendered":"A\u00e7ougue"},"content":{"rendered":"\n\t<section class=\"section dark\" id=\"section_1182104059\">\n\t\t<div class=\"bg section-bg fill bg-fill  \" >\n\n\t\t\t\n\t\t\t<div class=\"section-bg-overlay absolute fill\"><\/div>\n\t\t\t\n\n\t\t<\/div>\n\n\t\t\n\n\t\t<div class=\"section-content relative\">\n\t\t\t\n\n<div class=\"row\"  id=\"row-1484310447\">\n\n\n\t<div id=\"col-1635187554\" class=\"col medium-8 small-12 large-9\"  >\n\t\t\t\t<div class=\"col-inner\"  >\n\t\t\t\n\t\t\t\n\n<div class=\"is-divider divider clearfix\" style=\"margin-top:10px;margin-bottom:10px;background-color:rgb(229, 147, 11);\"><\/div>\n\n\t<div id=\"text-1717880407\" class=\"text\">\n\t\t\n\n<h6>DOM CARNEIRO<\/h6>\n<h2><span style=\"font-size: 200%;\">A Sua Casa de Carnes<\/span><\/h2>\n\t\t\n<style>\n#text-1717880407 {\n  font-size: 1.55rem;\n}\n<\/style>\n\t<\/div>\n\t\n<a rel=\"noopener noreferrer\" href=\"https:\/\/wa.me\/554132252779\" target=\"_blank\" class=\"button primary is-bevel\"  style=\"border-radius:15px;\">\n    <span>Chama no WhatsApp<\/span>\n  <i class=\"icon-angle-right\" aria-hidden=\"true\" ><\/i><\/a>\n\n\n\n\t\t<\/div>\n\t\t\t\t\t<\/div>\n\n\t\n\n<\/div>\n\n\t\t<\/div>\n\n\t\t\n<style>\n#section_1182104059 {\n  padding-top: 80px;\n  padding-bottom: 80px;\n  min-height: 500px;\n}\n#section_1182104059 .section-bg-overlay {\n  background-color: rgba(0, 0, 0, 0.41);\n}\n#section_1182104059 .section-bg.bg-loaded {\n  background-image: url(https:\/\/prototipo.cgmultimidia.com.br\/domcarneiro\/wp-content\/uploads\/2023\/10\/raw-tomahawk-steak-2021-08-26-23-07-43-utc-scaled.jpg);\n}\n#section_1182104059 .section-bg {\n  background-position: 28% 72%;\n}\n@media (min-width:550px) {\n  #section_1182104059 {\n    min-height: 600px;\n  }\n}\n@media (min-width:850px) {\n  #section_1182104059 {\n    min-height: 700px;\n  }\n}\n<\/style>\n\t<\/section>\n\t\n\t<section class=\"section\" id=\"section_1700229356\">\n\t\t<div class=\"bg section-bg fill bg-fill  bg-loaded\" >\n\n\t\t\t\n\t\t\t\n\t\t\t\n\n\t\t<\/div>\n\n\t\t\n\n\t\t<div class=\"section-content relative\">\n\t\t\t\n\n<div class=\"row row-collapse row-full-width align-middle\"  id=\"row-2046948946\">\n\n\n\t<div id=\"col-584880247\" class=\"col medium-12 small-12 large-6\"  >\n\t\t\t\t<div class=\"col-inner\"  >\n\t\t\t\n\t\t\t\n\n<div class=\"row\"  id=\"row-1008576922\">\n\n\n\t<div id=\"col-1381428729\" class=\"col small-12 large-12\"  >\n\t\t\t\t<div class=\"col-inner\"  >\n\t\t\t\n\t\t\t\n\n<div class=\"is-divider divider clearfix\" style=\"margin-top:10px;margin-bottom:10px;max-width:500px;background-color:rgb(229, 147, 11);\"><\/div>\n\n<p><strong>Sabemos o quanto \u00e9 importante confiar na origem do que levamos \u00e0 nossa mesa. No Dom Carneiro, n\u00e3o apenas garantimos carnes de proced\u00eancia e qualidade superior, mas tamb\u00e9m nos dedicamos a proporcionar uma experi\u00eancia \u00fanica em sabor.Porque, para n\u00f3s, confian\u00e7a e sabor caminham lado a lado,garantindo que cada refei\u00e7\u00e3o seja inesquec\u00edvel. Venha nos visitar e descubra tudo o que temos a oferecer!<\/strong><\/p>\n<a rel=\"noopener noreferrer\" href=\"https:\/\/wa.me\/554132252779\" target=\"_blank\" class=\"button primary is-bevel\"  style=\"border-radius:15px;\">\n    <span>Chama no WhatsApp<\/span>\n  <\/a>\n\n\n\n\t\t<\/div>\n\t\t\t\t\t<\/div>\n\n\t\n\n\n<style>\n#row-1008576922 > .col > .col-inner {\n  padding: 5% 5% 5% 5%;\n}\n@media (min-width:550px) {\n  #row-1008576922 > .col > .col-inner {\n    padding: 10% 10% 10% 10%;\n  }\n}\n@media (min-width:850px) {\n  #row-1008576922 > .col > .col-inner {\n    padding: 15% 15% 15% 15%;\n  }\n}\n<\/style>\n<\/div>\n\n\t\t<\/div>\n\t\t\t\t\t<\/div>\n\n\t\n\n\t<div id=\"col-2022283672\" class=\"col medium-12 small-12 large-6\"  >\n\t\t\t\t<div class=\"col-inner\"  >\n\t\t\t\n\t\t\t\n\n\n  <div class=\"banner has-hover\" id=\"banner-205738806\">\n          <div class=\"banner-inner fill\">\n        <div class=\"banner-bg fill\" >\n            <div class=\"bg fill bg-fill \"><\/div>\n                                    \n                    <\/div>\n\t\t\n        <div class=\"banner-layers container\">\n            <div class=\"fill banner-link\"><\/div>            \n\n\n        <\/div>\n      <\/div>\n\n            \n<style>\n#banner-205738806 {\n  padding-top: 50%;\n}\n#banner-205738806 .bg.bg-loaded {\n  background-image: url(https:\/\/prototipo.cgmultimidia.com.br\/domcarneiro\/wp-content\/uploads\/2023\/10\/raw-lamb-loin-rib-chops-steaks-in-wooden-plate-wit-2022-01-11-04-29-44-utc-scaled.jpg);\n}\n#banner-205738806 .bg {\n  background-position: 39% 26%;\n}\n@media (min-width:850px) {\n  #banner-205738806 {\n    padding-top: 99.99%;\n  }\n}\n<\/style>\n  <\/div>\n\n\n\n\t\t<\/div>\n\t\t\t\t\t<\/div>\n\n\t\n\n<\/div>\n\n\t\t<\/div>\n\n\t\t\n<style>\n#section_1700229356 {\n  padding-top: 0px;\n  padding-bottom: 0px;\n}\n<\/style>\n\t<\/section>\n\t\n\t<section class=\"section\" id=\"section_871140820\">\n\t\t<div class=\"bg section-bg fill bg-fill  bg-loaded\" >\n\n\t\t\t\n\t\t\t\n\t\t\t\n\n\t\t<\/div>\n\n\t\t\n\n\t\t<div class=\"section-content relative\">\n\t\t\t\n\n<div class=\"row row-collapse row-full-width\"  id=\"row-84450342\">\n\n\n\t<div id=\"col-684249560\" class=\"col medium-4 small-12 large-4\"  >\n\t\t\t\t<div class=\"col-inner\"  >\n\t\t\t\n\t\t\t\n\n\t<div class=\"box has-hover   has-hover box-shade dark box-text-bottom\" >\n\n\t\t<div class=\"box-image\" >\n\t\t\t\t\t\t<div class=\"image-overlay-add image-cover\" style=\"padding-top:120%;\">\n\t\t\t\t<img loading=\"lazy\" decoding=\"async\" width=\"1773\" height=\"2560\" src=\"https:\/\/prototipo.cgmultimidia.com.br\/domcarneiro\/wp-content\/uploads\/2023\/11\/raw-rib-eye-beef-steak-on-wooden-board-with-chili-2022-05-28-06-34-17-utc-scaled.jpg\" class=\"attachment- size-\" alt=\"\" srcset=\"https:\/\/prototipo.cgmultimidia.com.br\/domcarneiro\/wp-content\/uploads\/2023\/11\/raw-rib-eye-beef-steak-on-wooden-board-with-chili-2022-05-28-06-34-17-utc-scaled.jpg 1773w, https:\/\/prototipo.cgmultimidia.com.br\/domcarneiro\/wp-content\/uploads\/2023\/11\/raw-rib-eye-beef-steak-on-wooden-board-with-chili-2022-05-28-06-34-17-utc-208x300.jpg 208w, https:\/\/prototipo.cgmultimidia.com.br\/domcarneiro\/wp-content\/uploads\/2023\/11\/raw-rib-eye-beef-steak-on-wooden-board-with-chili-2022-05-28-06-34-17-utc-709x1024.jpg 709w, https:\/\/prototipo.cgmultimidia.com.br\/domcarneiro\/wp-content\/uploads\/2023\/11\/raw-rib-eye-beef-steak-on-wooden-board-with-chili-2022-05-28-06-34-17-utc-768x1109.jpg 768w, https:\/\/prototipo.cgmultimidia.com.br\/domcarneiro\/wp-content\/uploads\/2023\/11\/raw-rib-eye-beef-steak-on-wooden-board-with-chili-2022-05-28-06-34-17-utc-1064x1536.jpg 1064w, https:\/\/prototipo.cgmultimidia.com.br\/domcarneiro\/wp-content\/uploads\/2023\/11\/raw-rib-eye-beef-steak-on-wooden-board-with-chili-2022-05-28-06-34-17-utc-1418x2048.jpg 1418w, https:\/\/prototipo.cgmultimidia.com.br\/domcarneiro\/wp-content\/uploads\/2023\/11\/raw-rib-eye-beef-steak-on-wooden-board-with-chili-2022-05-28-06-34-17-utc-600x866.jpg 600w\" sizes=\"auto, (max-width: 1773px) 100vw, 1773px\" \/>\t\t\t\t<div class=\"overlay\" style=\"background-color:rgba(0, 0, 0, 0.5)\"><\/div>\t\t\t\t<div class=\"shade\"><\/div>\t\t\t<\/div>\n\t\t\t\t\t<\/div>\n\n\t\t<div class=\"box-text text-left is-large\" style=\"padding:0px 40px 40px 40px;\">\n\t\t\t<div class=\"box-text-inner\">\n\t\t\t\t\n\n<h2>Paleta Fatiada<\/h2>\n\n\t\t\t<\/div>\n\t\t<\/div>\n\t<\/div>\n\t\n\n\t\t<\/div>\n\t\t\t\t\t<\/div>\n\n\t\n\n\t<div id=\"col-638159479\" class=\"col medium-4 small-12 large-4\"  >\n\t\t\t\t<div class=\"col-inner\"  >\n\t\t\t\n\t\t\t\n\n\t<div class=\"box has-hover   has-hover box-shade dark box-text-bottom\" >\n\n\t\t<div class=\"box-image\" >\n\t\t\t\t\t\t<div class=\"image-overlay-add image-cover\" style=\"padding-top:120%;\">\n\t\t\t\t<img loading=\"lazy\" decoding=\"async\" width=\"2560\" height=\"1703\" src=\"https:\/\/prototipo.cgmultimidia.com.br\/domcarneiro\/wp-content\/uploads\/2023\/10\/rack-of-fresh-raw-pork-spare-ribs-on-butcher-boar-2021-10-21-02-50-32-utc-scaled.jpg\" class=\"attachment- size-\" alt=\"\" srcset=\"https:\/\/prototipo.cgmultimidia.com.br\/domcarneiro\/wp-content\/uploads\/2023\/10\/rack-of-fresh-raw-pork-spare-ribs-on-butcher-boar-2021-10-21-02-50-32-utc-scaled.jpg 2560w, https:\/\/prototipo.cgmultimidia.com.br\/domcarneiro\/wp-content\/uploads\/2023\/10\/rack-of-fresh-raw-pork-spare-ribs-on-butcher-boar-2021-10-21-02-50-32-utc-scaled-600x399.jpg 600w, https:\/\/prototipo.cgmultimidia.com.br\/domcarneiro\/wp-content\/uploads\/2023\/10\/rack-of-fresh-raw-pork-spare-ribs-on-butcher-boar-2021-10-21-02-50-32-utc-300x200.jpg 300w, https:\/\/prototipo.cgmultimidia.com.br\/domcarneiro\/wp-content\/uploads\/2023\/10\/rack-of-fresh-raw-pork-spare-ribs-on-butcher-boar-2021-10-21-02-50-32-utc-1024x681.jpg 1024w, https:\/\/prototipo.cgmultimidia.com.br\/domcarneiro\/wp-content\/uploads\/2023\/10\/rack-of-fresh-raw-pork-spare-ribs-on-butcher-boar-2021-10-21-02-50-32-utc-768x511.jpg 768w, https:\/\/prototipo.cgmultimidia.com.br\/domcarneiro\/wp-content\/uploads\/2023\/10\/rack-of-fresh-raw-pork-spare-ribs-on-butcher-boar-2021-10-21-02-50-32-utc-1536x1022.jpg 1536w, https:\/\/prototipo.cgmultimidia.com.br\/domcarneiro\/wp-content\/uploads\/2023\/10\/rack-of-fresh-raw-pork-spare-ribs-on-butcher-boar-2021-10-21-02-50-32-utc-2048x1363.jpg 2048w\" sizes=\"auto, (max-width: 2560px) 100vw, 2560px\" \/>\t\t\t\t<div class=\"overlay\" style=\"background-color:rgba(0, 0, 0, 0.5)\"><\/div>\t\t\t\t<div class=\"shade\"><\/div>\t\t\t<\/div>\n\t\t\t\t\t<\/div>\n\n\t\t<div class=\"box-text text-left is-large\" style=\"padding:0px 40px 40px 40px;\">\n\t\t\t<div class=\"box-text-inner\">\n\t\t\t\t\n\n<h2>Costela Ripa<\/h2>\n\n\t\t\t<\/div>\n\t\t<\/div>\n\t<\/div>\n\t\n\n\t\t<\/div>\n\t\t\t\t\t<\/div>\n\n\t\n\n\t<div id=\"col-154293648\" class=\"col medium-4 small-12 large-4\"  >\n\t\t\t\t<div class=\"col-inner\"  >\n\t\t\t\n\t\t\t\n\n\t<div class=\"box has-hover   has-hover box-shade dark box-text-bottom\" >\n\n\t\t<div class=\"box-image\" >\n\t\t\t\t\t\t<div class=\"image-overlay-add image-cover\" style=\"padding-top:120%;\">\n\t\t\t\t<img loading=\"lazy\" decoding=\"async\" width=\"2560\" height=\"1703\" src=\"https:\/\/prototipo.cgmultimidia.com.br\/domcarneiro\/wp-content\/uploads\/2023\/10\/raw-lamb-mutton-chops-steaks-on-a-wooden-board-d-2022-01-18-23-56-39-utc-scaled.jpg\" class=\"attachment- size-\" alt=\"\" srcset=\"https:\/\/prototipo.cgmultimidia.com.br\/domcarneiro\/wp-content\/uploads\/2023\/10\/raw-lamb-mutton-chops-steaks-on-a-wooden-board-d-2022-01-18-23-56-39-utc-scaled.jpg 2560w, https:\/\/prototipo.cgmultimidia.com.br\/domcarneiro\/wp-content\/uploads\/2023\/10\/raw-lamb-mutton-chops-steaks-on-a-wooden-board-d-2022-01-18-23-56-39-utc-scaled-600x399.jpg 600w, https:\/\/prototipo.cgmultimidia.com.br\/domcarneiro\/wp-content\/uploads\/2023\/10\/raw-lamb-mutton-chops-steaks-on-a-wooden-board-d-2022-01-18-23-56-39-utc-300x200.jpg 300w, https:\/\/prototipo.cgmultimidia.com.br\/domcarneiro\/wp-content\/uploads\/2023\/10\/raw-lamb-mutton-chops-steaks-on-a-wooden-board-d-2022-01-18-23-56-39-utc-1024x681.jpg 1024w, https:\/\/prototipo.cgmultimidia.com.br\/domcarneiro\/wp-content\/uploads\/2023\/10\/raw-lamb-mutton-chops-steaks-on-a-wooden-board-d-2022-01-18-23-56-39-utc-768x511.jpg 768w, https:\/\/prototipo.cgmultimidia.com.br\/domcarneiro\/wp-content\/uploads\/2023\/10\/raw-lamb-mutton-chops-steaks-on-a-wooden-board-d-2022-01-18-23-56-39-utc-1536x1022.jpg 1536w, https:\/\/prototipo.cgmultimidia.com.br\/domcarneiro\/wp-content\/uploads\/2023\/10\/raw-lamb-mutton-chops-steaks-on-a-wooden-board-d-2022-01-18-23-56-39-utc-2048x1363.jpg 2048w\" sizes=\"auto, (max-width: 2560px) 100vw, 2560px\" \/>\t\t\t\t<div class=\"overlay\" style=\"background-color:rgba(0, 0, 0, 0.5)\"><\/div>\t\t\t\t<div class=\"shade\"><\/div>\t\t\t<\/div>\n\t\t\t\t\t<\/div>\n\n\t\t<div class=\"box-text text-left is-large\" style=\"padding:0px 40px 40px 40px;\">\n\t\t\t<div class=\"box-text-inner\">\n\t\t\t\t\n\n<h2>Carr\u00ea Franc\u00eas<\/h2>\n\n\t\t\t<\/div>\n\t\t<\/div>\n\t<\/div>\n\t\n\n\t\t<\/div>\n\t\t\t\t\t<\/div>\n\n\t\n\n<\/div>\n\n\t\t<\/div>\n\n\t\t\n<style>\n#section_871140820 {\n  padding-top: 0px;\n  padding-bottom: 0px;\n}\n<\/style>\n\t<\/section>\n\t\n\t<section class=\"section dark\" id=\"section_1094781187\">\n\t\t<div class=\"bg section-bg fill bg-fill  bg-loaded\" >\n\n\t\t\t\n\t\t\t\n\t\t\t\n\n\t\t<\/div>\n\n\t\t\n\n\t\t<div class=\"section-content relative\">\n\t\t\t\n\n<div class=\"row\"  id=\"row-894504876\">\n\n\n\t<div id=\"col-1971862419\" class=\"col medium-6 small-12 large-6\"  >\n\t\t\t\t<div class=\"col-inner\"  >\n\t\t\t\n\t\t\t\n\n<div class=\"is-divider divider clearfix\" style=\"margin-top:10px;margin-bottom:10px;max-width:500px;background-color:rgb(229, 147, 11);\"><\/div>\n\n\t<div id=\"text-4137148391\" class=\"text\">\n\t\t\n\n<p><strong>\u00a0Falar em qualidade \u00e9 falar em Dom Carneiro! Aqui, voc\u00ea n\u00e3o s\u00f3encontra cortes superiores, mas tamb\u00e9m uma diversidade queatende a todos os paladares.De cortes tradicionais a especialidades,nossa variedade \u00e9 pensada para os verdadeiros apreciadores da boa carne.No Dom Carneiro, a qualidade e diversidade se unem para oferecer a melhor experi\u00eancia ao seu churrasco!Entre em contato conosco!<\/strong><\/p>\n\t\t\n<style>\n#text-4137148391 {\n  font-size: 1.3rem;\n}\n<\/style>\n\t<\/div>\n\t\n<a rel=\"noopener noreferrer\" href=\"https:\/\/wa.me\/554132252779\" target=\"_blank\" class=\"button primary is-bevel\"  style=\"border-radius:15px;\">\n    <span>Fale Conosco<\/span>\n  <\/a>\n\n\n\n\t\t<\/div>\n\t\t\t\t\t<\/div>\n\n\t\n\n\t<div id=\"col-1183388969\" class=\"col medium-6 small-12 large-6\"  >\n\t\t\t\t<div class=\"col-inner\"  >\n\t\t\t\n\t\t\t\n\n<div class=\"row align-center\"  id=\"row-1602777232\">\n\n\n\t<div id=\"col-391369352\" class=\"col medium-7 small-12 large-7\"  >\n\t\t\t\t<div class=\"col-inner\"  >\n\t\t\t\n\t\t\t\n\n\t<div class=\"img has-hover x md-x lg-x y md-y lg-y\" id=\"image_217828536\">\n\t\t\t\t\t\t\t\t<div class=\"img-inner dark\" style=\"margin:0px 0px 20px 0px;\">\n\t\t\t<img loading=\"lazy\" decoding=\"async\" width=\"500\" height=\"478\" src=\"https:\/\/prototipo.cgmultimidia.com.br\/domcarneiro\/wp-content\/uploads\/2023\/10\/logo.png\" class=\"attachment-large size-large\" alt=\"\" srcset=\"https:\/\/prototipo.cgmultimidia.com.br\/domcarneiro\/wp-content\/uploads\/2023\/10\/logo.png 500w, https:\/\/prototipo.cgmultimidia.com.br\/domcarneiro\/wp-content\/uploads\/2023\/10\/logo-300x287.png 300w\" sizes=\"auto, (max-width: 500px) 100vw, 500px\" \/>\t\t\t\t\t\t\n\t\t\t\t\t<\/div>\n\t\t\t\t\t\t\t\t\n<style>\n#image_217828536 {\n  width: 100%;\n}\n<\/style>\n\t<\/div>\n\t\n\n<p>Telefone: (41)3225-2787<\/p>\n<p>WhatsApp: (41)3225-2779<\/p>\n<a class=\"button white is-link\"  >\n    <span>contato@domcarneiro.com.br<\/span>\n  <\/a>\n\n\n<div class=\"social-icons follow-icons\" ><a href=\"https:\/\/www.facebook.com\/domcarneirocuritiba\/\" target=\"_blank\" rel=\"noopener noreferrer nofollow\" data-label=\"Facebook\" class=\"icon plain facebook tooltip\" title=\"Follow on Facebook\" aria-label=\"Follow on Facebook\" ><i class=\"icon-facebook\" ><\/i><\/a><a href=\"https:\/\/www.instagram.com\/restaurante_domcarneiro\/\" target=\"_blank\" rel=\"noopener noreferrer nofollow\" data-label=\"Instagram\" class=\"icon plain instagram tooltip\" title=\"Follow on Instagram\" aria-label=\"Follow on Instagram\" ><i class=\"icon-instagram\" ><\/i><\/a><\/div>\n\n\t<div id=\"gap-2112230268\" class=\"gap-element clearfix\" style=\"display:block; height:auto;\">\n\t\t\n<style>\n#gap-2112230268 {\n  padding-top: 10px;\n}\n<\/style>\n\t<\/div>\n\t\n\n<pDom Carneiro<\/p>\n\n\t\t<\/div>\n\t\t\t\t\t<\/div>\n\n\t\n\n<\/div>\n\n\t\t<\/div>\n\t\t\t\t\t<\/div>\n\n\t\n\n<\/div>\n\n\t\t<\/div>\n\n\t\t\n<style>\n#section_1094781187 {\n  padding-top: 150px;\n  padding-bottom: 150px;\n  background-color: #273647;\n}\n<\/style>\n\t<\/section>\n\t\n\n","protected":false},"excerpt":{"rendered":"","protected":false},"author":1,"featured_media":0,"parent":0,"menu_order":0,"comment_status":"closed","ping_status":"closed","template":"page-blank.php","meta":{"footnotes":""},"class_list":["post-26","page","type-page","status-publish","hentry"],"_links":{"self":[{"href":"https:\/\/prototipo.cgmultimidia.com.br\/domcarneiro\/index.php\/wp-json\/wp\/v2\/pages\/26","targetHints":{"allow":["GET"]}}],"collection":[{"href":"https:\/\/prototipo.cgmultimidia.com.br\/domcarneiro\/index.php\/wp-json\/wp\/v2\/pages"}],"about":[{"href":"https:\/\/prototipo.cgmultimidia.com.br\/domcarneiro\/index.php\/wp-json\/wp\/v2\/types\/page"}],"author":[{"embeddable":true,"href":"https:\/\/prototipo.cgmultimidia.com.br\/domcarneiro\/index.php\/wp-json\/wp\/v2\/users\/1"}],"replies":[{"embeddable":true,"href":"https:\/\/prototipo.cgmultimidia.com.br\/domcarneiro\/index.php\/wp-json\/wp\/v2\/comments?post=26"}],"version-history":[{"count":15,"href":"https:\/\/prototipo.cgmultimidia.com.br\/domcarneiro\/index.php\/wp-json\/wp\/v2\/pages\/26\/revisions"}],"predecessor-version":[{"id":115,"href":"https:\/\/prototipo.cgmultimidia.com.br\/domcarneiro\/index.php\/wp-json\/wp\/v2\/pages\/26\/revisions\/115"}],"wp:attachment":[{"href":"https:\/\/prototipo.cgmultimidia.com.br\/domcarneiro\/index.php\/wp-json\/wp\/v2\/media?parent=26"}],"curies":[{"name":"wp","href":"https:\/\/api.w.org\/{rel}","templated":true}]}}