{"id":56,"date":"2023-11-06T18:14:53","date_gmt":"2023-11-06T18:14:53","guid":{"rendered":"https:\/\/prototipo.cgmultimidia.com.br\/domcarneiro\/?page_id=56"},"modified":"2023-12-12T17:26:08","modified_gmt":"2023-12-12T17:26:08","slug":"eventos","status":"publish","type":"page","link":"https:\/\/prototipo.cgmultimidia.com.br\/domcarneiro\/index.php\/eventos\/","title":{"rendered":"Eventos"},"content":{"rendered":"\n\t<section class=\"section dark\" id=\"section_1843402588\">\n\t\t<div class=\"bg section-bg fill bg-fill  \" >\n\n\t\t\t\n\t\t\t<div class=\"section-bg-overlay absolute fill\"><\/div>\n\t\t\t\n\n\t\t<\/div>\n\n\t\t\n\n\t\t<div class=\"section-content relative\">\n\t\t\t\n\n<div class=\"row\"  id=\"row-1884945821\">\n\n\n\t<div id=\"col-1518083861\" class=\"col medium-8 small-12 large-7\"  >\n\t\t\t\t<div class=\"col-inner\"  >\n\t\t\t\n\t\t\t\n\n<div class=\"is-divider divider clearfix\" style=\"margin-top:10px;margin-bottom:10px;background-color:rgb(229, 147, 11);\"><\/div>\n\n\t<div id=\"text-1167577008\" class=\"text\">\n\t\t\n\n<h6>DOM CARNEIRO<\/h6>\n<h2><span style=\"font-size: 200%;\">Nossos Eventos\u00a0<br \/><br \/><\/span><\/h2>\n\t\t\n<style>\n#text-1167577008 {\n  font-size: 1.7rem;\n  line-height: 1.75;\n}\n<\/style>\n\t<\/div>\n\t\n<a rel=\"noopener noreferrer\" href=\"https:\/\/wa.me\/554132252779\" target=\"_blank\" class=\"button primary is-bevel\"  style=\"border-radius:15px;\">\n    <span>Chama no WhatsApp<\/span>\n  <i class=\"icon-angle-right\" aria-hidden=\"true\" ><\/i><\/a>\n\n\n\n\t\t<\/div>\n\t\t\t\t\t<\/div>\n\n\t\n\n<\/div>\n\n\t\t<\/div>\n\n\t\t\n<style>\n#section_1843402588 {\n  padding-top: 80px;\n  padding-bottom: 80px;\n  min-height: 500px;\n}\n#section_1843402588 .section-bg-overlay {\n  background-color: rgba(0, 0, 0, 0.41);\n}\n#section_1843402588 .section-bg.bg-loaded {\n  background-image: url(https:\/\/prototipo.cgmultimidia.com.br\/domcarneiro\/wp-content\/uploads\/2023\/11\/men-helping-cooking-homemade-steak-at-bakcyard-sum-2022-12-16-00-18-51-utc-scaled.jpg);\n}\n#section_1843402588 .section-bg {\n  background-position: 16% 100%;\n}\n@media (min-width:550px) {\n  #section_1843402588 {\n    min-height: 600px;\n  }\n}\n@media (min-width:850px) {\n  #section_1843402588 {\n    min-height: 700px;\n  }\n}\n<\/style>\n\t<\/section>\n\t\n\t<section class=\"section\" id=\"section_1166583019\">\n\t\t<div class=\"bg section-bg fill bg-fill  bg-loaded\" >\n\n\t\t\t\n\t\t\t\n\t\t\t\n\n\t\t<\/div>\n\n\t\t\n\n\t\t<div class=\"section-content relative\">\n\t\t\t\n\n<div class=\"row row-collapse row-full-width align-middle\"  id=\"row-52751299\">\n\n\n\t<div id=\"col-122609257\" class=\"col medium-12 small-12 large-6\"  >\n\t\t\t\t<div class=\"col-inner\"  >\n\t\t\t\n\t\t\t\n\n<div class=\"row\"  id=\"row-1429730869\">\n\n\n\t<div id=\"col-999080511\" class=\"col small-12 large-12\"  >\n\t\t\t\t<div class=\"col-inner\"  >\n\t\t\t\n\t\t\t\n\n<div class=\"is-divider divider clearfix\" style=\"margin-top:10px;margin-bottom:10px;max-width:500px;background-color:rgb(229, 147, 11);\"><\/div>\n\n<p><strong>Na nossa churrascaria de carneiro, a divers\u00e3o nunca para! Oferecemos diversos eventos emocionantes e experi\u00eancias \u00fanicas para voc\u00ea desfrutar enquanto saboreia os mais deliciosos pratos. Venha e participe das nossas atividades especiais que tornam cada visita ainda mais memor\u00e1vel!<\/strong><\/p>\n<a rel=\"noopener noreferrer\" href=\"https:\/\/wa.me\/554132252779\" target=\"_blank\" class=\"button primary is-bevel\"  style=\"border-radius:15px;\">\n    <span>Chama no WhatsApp<\/span>\n  <\/a>\n\n\n\n\t\t<\/div>\n\t\t\t\t\t<\/div>\n\n\t\n\n\n<style>\n#row-1429730869 > .col > .col-inner {\n  padding: 5% 5% 5% 5%;\n}\n@media (min-width:550px) {\n  #row-1429730869 > .col > .col-inner {\n    padding: 10% 10% 10% 10%;\n  }\n}\n@media (min-width:850px) {\n  #row-1429730869 > .col > .col-inner {\n    padding: 15% 15% 15% 15%;\n  }\n}\n<\/style>\n<\/div>\n\n\t\t<\/div>\n\t\t\t\t\t<\/div>\n\n\t\n\n\t<div id=\"col-1279016222\" class=\"col medium-12 small-12 large-6\"  >\n\t\t\t\t<div class=\"col-inner\"  >\n\t\t\t\n\t\t\t\n\n\n  <div class=\"banner has-hover\" id=\"banner-768813990\">\n          <div class=\"banner-inner fill\">\n        <div class=\"banner-bg fill\" >\n            <div class=\"bg fill bg-fill \"><\/div>\n                                    \n                    <\/div>\n\t\t\n        <div class=\"banner-layers container\">\n            <div class=\"fill banner-link\"><\/div>            \n\n\n        <\/div>\n      <\/div>\n\n            \n<style>\n#banner-768813990 {\n  padding-top: 50%;\n}\n#banner-768813990 .bg.bg-loaded {\n  background-image: url(https:\/\/prototipo.cgmultimidia.com.br\/domcarneiro\/wp-content\/uploads\/2023\/11\/woman-preparing-steak-of-meat-on-grill-2023-11-06-13-41-17-utc-scaled.jpg);\n}\n#banner-768813990 .bg {\n  background-position: 78% 31%;\n}\n@media (min-width:850px) {\n  #banner-768813990 {\n    padding-top: 99.99%;\n  }\n}\n<\/style>\n  <\/div>\n\n\n\n\t\t<\/div>\n\t\t\t\t\t<\/div>\n\n\t\n\n<\/div>\n\n\t\t<\/div>\n\n\t\t\n<style>\n#section_1166583019 {\n  padding-top: 0px;\n  padding-bottom: 0px;\n}\n<\/style>\n\t<\/section>\n\t\n\t<section class=\"section\" id=\"section_1285950343\">\n\t\t<div class=\"bg section-bg fill bg-fill  bg-loaded\" >\n\n\t\t\t\n\t\t\t\n\t\t\t\n\n\t\t<\/div>\n\n\t\t\n\n\t\t<div class=\"section-content relative\">\n\t\t\t\n\n<div class=\"row row-collapse row-full-width\"  id=\"row-599964796\">\n\n\n\t<div id=\"col-718319115\" class=\"col medium-4 small-12 large-4\"  >\n\t\t\t\t<div class=\"col-inner\"  >\n\t\t\t\n\t\t\t\n\n\t<div class=\"box has-hover   has-hover box-shade dark box-text-bottom\" >\n\n\t\t<div class=\"box-image\" >\n\t\t\t\t\t\t<div class=\"image-overlay-add image-cover\" style=\"padding-top:120%;\">\n\t\t\t\t<img loading=\"lazy\" decoding=\"async\" width=\"2048\" height=\"2560\" src=\"https:\/\/prototipo.cgmultimidia.com.br\/domcarneiro\/wp-content\/uploads\/2023\/11\/chef-corta-costelas-de-cordeiro-fritas-scaled.jpg\" class=\"attachment- size-\" alt=\"\" srcset=\"https:\/\/prototipo.cgmultimidia.com.br\/domcarneiro\/wp-content\/uploads\/2023\/11\/chef-corta-costelas-de-cordeiro-fritas-scaled.jpg 2048w, https:\/\/prototipo.cgmultimidia.com.br\/domcarneiro\/wp-content\/uploads\/2023\/11\/chef-corta-costelas-de-cordeiro-fritas-240x300.jpg 240w, https:\/\/prototipo.cgmultimidia.com.br\/domcarneiro\/wp-content\/uploads\/2023\/11\/chef-corta-costelas-de-cordeiro-fritas-819x1024.jpg 819w, https:\/\/prototipo.cgmultimidia.com.br\/domcarneiro\/wp-content\/uploads\/2023\/11\/chef-corta-costelas-de-cordeiro-fritas-768x960.jpg 768w, https:\/\/prototipo.cgmultimidia.com.br\/domcarneiro\/wp-content\/uploads\/2023\/11\/chef-corta-costelas-de-cordeiro-fritas-1229x1536.jpg 1229w, https:\/\/prototipo.cgmultimidia.com.br\/domcarneiro\/wp-content\/uploads\/2023\/11\/chef-corta-costelas-de-cordeiro-fritas-1638x2048.jpg 1638w, https:\/\/prototipo.cgmultimidia.com.br\/domcarneiro\/wp-content\/uploads\/2023\/11\/chef-corta-costelas-de-cordeiro-fritas-600x750.jpg 600w\" sizes=\"auto, (max-width: 2048px) 100vw, 2048px\" \/>\t\t\t\t<div class=\"overlay\" style=\"background-color:rgba(0, 0, 0, 0.5)\"><\/div>\t\t\t\t<div class=\"shade\"><\/div>\t\t\t<\/div>\n\t\t\t\t\t<\/div>\n\n\t\t<div class=\"box-text text-left is-large\" style=\"padding:0px 40px 40px 40px;\">\n\t\t\t<div class=\"box-text-inner\">\n\t\t\t\t\n\n\n\t\t\t<\/div>\n\t\t<\/div>\n\t<\/div>\n\t\n\n\t\t<\/div>\n\t\t\t\t\t<\/div>\n\n\t\n\n\t<div id=\"col-651701828\" class=\"col medium-4 small-12 large-4\"  >\n\t\t\t\t<div class=\"col-inner\"  >\n\t\t\t\n\t\t\t\n\n\t<div class=\"box has-hover   has-hover box-shade dark box-text-bottom\" >\n\n\t\t<div class=\"box-image\" >\n\t\t\t\t\t\t<div class=\"image-overlay-add image-cover\" style=\"padding-top:120%;\">\n\t\t\t\t<img loading=\"lazy\" decoding=\"async\" width=\"2529\" height=\"2560\" src=\"https:\/\/prototipo.cgmultimidia.com.br\/domcarneiro\/wp-content\/uploads\/2023\/11\/garcom-derramando-sal-sobre-kebab-de-costela-de-cordeiro-servido-na-placa-de-madeira-scaled.jpg\" class=\"attachment- size-\" alt=\"\" srcset=\"https:\/\/prototipo.cgmultimidia.com.br\/domcarneiro\/wp-content\/uploads\/2023\/11\/garcom-derramando-sal-sobre-kebab-de-costela-de-cordeiro-servido-na-placa-de-madeira-scaled.jpg 2529w, https:\/\/prototipo.cgmultimidia.com.br\/domcarneiro\/wp-content\/uploads\/2023\/11\/garcom-derramando-sal-sobre-kebab-de-costela-de-cordeiro-servido-na-placa-de-madeira-296x300.jpg 296w, https:\/\/prototipo.cgmultimidia.com.br\/domcarneiro\/wp-content\/uploads\/2023\/11\/garcom-derramando-sal-sobre-kebab-de-costela-de-cordeiro-servido-na-placa-de-madeira-1012x1024.jpg 1012w, https:\/\/prototipo.cgmultimidia.com.br\/domcarneiro\/wp-content\/uploads\/2023\/11\/garcom-derramando-sal-sobre-kebab-de-costela-de-cordeiro-servido-na-placa-de-madeira-768x777.jpg 768w, https:\/\/prototipo.cgmultimidia.com.br\/domcarneiro\/wp-content\/uploads\/2023\/11\/garcom-derramando-sal-sobre-kebab-de-costela-de-cordeiro-servido-na-placa-de-madeira-1518x1536.jpg 1518w, https:\/\/prototipo.cgmultimidia.com.br\/domcarneiro\/wp-content\/uploads\/2023\/11\/garcom-derramando-sal-sobre-kebab-de-costela-de-cordeiro-servido-na-placa-de-madeira-2023x2048.jpg 2023w, https:\/\/prototipo.cgmultimidia.com.br\/domcarneiro\/wp-content\/uploads\/2023\/11\/garcom-derramando-sal-sobre-kebab-de-costela-de-cordeiro-servido-na-placa-de-madeira-600x607.jpg 600w, https:\/\/prototipo.cgmultimidia.com.br\/domcarneiro\/wp-content\/uploads\/2023\/11\/garcom-derramando-sal-sobre-kebab-de-costela-de-cordeiro-servido-na-placa-de-madeira-100x100.jpg 100w\" sizes=\"auto, (max-width: 2529px) 100vw, 2529px\" \/>\t\t\t\t<div class=\"overlay\" style=\"background-color:rgba(0, 0, 0, 0.5)\"><\/div>\t\t\t\t<div class=\"shade\"><\/div>\t\t\t<\/div>\n\t\t\t\t\t<\/div>\n\n\t\t<div class=\"box-text text-left is-large\" style=\"padding:0px 40px 40px 40px;\">\n\t\t\t<div class=\"box-text-inner\">\n\t\t\t\t\n\n\n\t\t\t<\/div>\n\t\t<\/div>\n\t<\/div>\n\t\n\n\t\t<\/div>\n\t\t\t\t\t<\/div>\n\n\t\n\n\t<div id=\"col-1392924857\" class=\"col medium-4 small-12 large-4\"  >\n\t\t\t\t<div class=\"col-inner\"  >\n\t\t\t\n\t\t\t\n\n\t<div class=\"box has-hover   has-hover box-shade dark box-text-bottom\" >\n\n\t\t<div class=\"box-image\" >\n\t\t\t\t\t\t<div class=\"image-overlay-add image-cover\" style=\"padding-top:120%;\">\n\t\t\t\t<img loading=\"lazy\" decoding=\"async\" width=\"2048\" height=\"2560\" src=\"https:\/\/prototipo.cgmultimidia.com.br\/domcarneiro\/wp-content\/uploads\/2023\/11\/chef-apresenta-bife-de-carne-scaled.jpg\" class=\"attachment- size-\" alt=\"\" srcset=\"https:\/\/prototipo.cgmultimidia.com.br\/domcarneiro\/wp-content\/uploads\/2023\/11\/chef-apresenta-bife-de-carne-scaled.jpg 2048w, https:\/\/prototipo.cgmultimidia.com.br\/domcarneiro\/wp-content\/uploads\/2023\/11\/chef-apresenta-bife-de-carne-240x300.jpg 240w, https:\/\/prototipo.cgmultimidia.com.br\/domcarneiro\/wp-content\/uploads\/2023\/11\/chef-apresenta-bife-de-carne-819x1024.jpg 819w, https:\/\/prototipo.cgmultimidia.com.br\/domcarneiro\/wp-content\/uploads\/2023\/11\/chef-apresenta-bife-de-carne-768x960.jpg 768w, https:\/\/prototipo.cgmultimidia.com.br\/domcarneiro\/wp-content\/uploads\/2023\/11\/chef-apresenta-bife-de-carne-1229x1536.jpg 1229w, https:\/\/prototipo.cgmultimidia.com.br\/domcarneiro\/wp-content\/uploads\/2023\/11\/chef-apresenta-bife-de-carne-1638x2048.jpg 1638w, https:\/\/prototipo.cgmultimidia.com.br\/domcarneiro\/wp-content\/uploads\/2023\/11\/chef-apresenta-bife-de-carne-600x750.jpg 600w\" sizes=\"auto, (max-width: 2048px) 100vw, 2048px\" \/>\t\t\t\t<div class=\"overlay\" style=\"background-color:rgba(0, 0, 0, 0.5)\"><\/div>\t\t\t\t<div class=\"shade\"><\/div>\t\t\t<\/div>\n\t\t\t\t\t<\/div>\n\n\t\t<div class=\"box-text text-left is-large\" style=\"padding:0px 40px 40px 40px;\">\n\t\t\t<div class=\"box-text-inner\">\n\t\t\t\t\n\n\n\t\t\t<\/div>\n\t\t<\/div>\n\t<\/div>\n\t\n\n\t\t<\/div>\n\t\t\t\t\t<\/div>\n\n\t\n\n<\/div>\n\n\t\t<\/div>\n\n\t\t\n<style>\n#section_1285950343 {\n  padding-top: 0px;\n  padding-bottom: 0px;\n}\n<\/style>\n\t<\/section>\n\t\n\t<section class=\"section dark\" id=\"section_1191686777\">\n\t\t<div class=\"bg section-bg fill bg-fill  bg-loaded\" >\n\n\t\t\t\n\t\t\t\n\t\t\t\n\n\t\t<\/div>\n\n\t\t\n\n\t\t<div class=\"section-content relative\">\n\t\t\t\n\n<div class=\"row\"  id=\"row-783247062\">\n\n\n\t<div id=\"col-599569696\" class=\"col medium-6 small-12 large-6\"  >\n\t\t\t\t<div class=\"col-inner\"  >\n\t\t\t\n\t\t\t\n\n<div class=\"is-divider divider clearfix\" style=\"margin-top:10px;margin-bottom:10px;max-width:500px;background-color:rgb(229, 147, 11);\"><\/div>\n\n\t<div id=\"text-644854262\" class=\"text\">\n\t\t\n\n<p><strong>Quer saber mais sobre nossos eventos? Entre em contato conosco para obter informa\u00e7\u00f5es e reservas especiais. Estamos aqui para tornar sua experi\u00eancia no Dom Carneiro ainda mais incr\u00edvel.<\/strong><\/p>\n\t\t\n<style>\n#text-644854262 {\n  font-size: 1.65rem;\n}\n<\/style>\n\t<\/div>\n\t\n<a rel=\"noopener noreferrer\" href=\"https:\/\/wa.me\/554132252779\" target=\"_blank\" class=\"button primary is-bevel\"  style=\"border-radius:15px;\">\n    <span>Fale Conosco<\/span>\n  <\/a>\n\n\n\n\t\t<\/div>\n\t\t\t\t\t<\/div>\n\n\t\n\n\t<div id=\"col-1179177178\" class=\"col medium-6 small-12 large-6\"  >\n\t\t\t\t<div class=\"col-inner\"  >\n\t\t\t\n\t\t\t\n\n<div class=\"row align-center\"  id=\"row-579363062\">\n\n\n\t<div id=\"col-2005423502\" class=\"col medium-7 small-12 large-7\"  >\n\t\t\t\t<div class=\"col-inner\"  >\n\t\t\t\n\t\t\t\n\n\t<div class=\"img has-hover x md-x lg-x y md-y lg-y\" id=\"image_1198371982\">\n\t\t\t\t\t\t\t\t<div class=\"img-inner dark\" style=\"margin:0px 0px 20px 0px;\">\n\t\t\t<img loading=\"lazy\" decoding=\"async\" width=\"500\" height=\"478\" src=\"https:\/\/prototipo.cgmultimidia.com.br\/domcarneiro\/wp-content\/uploads\/2023\/10\/logo.png\" class=\"attachment-large size-large\" alt=\"\" srcset=\"https:\/\/prototipo.cgmultimidia.com.br\/domcarneiro\/wp-content\/uploads\/2023\/10\/logo.png 500w, https:\/\/prototipo.cgmultimidia.com.br\/domcarneiro\/wp-content\/uploads\/2023\/10\/logo-300x287.png 300w\" sizes=\"auto, (max-width: 500px) 100vw, 500px\" \/>\t\t\t\t\t\t\n\t\t\t\t\t<\/div>\n\t\t\t\t\t\t\t\t\n<style>\n#image_1198371982 {\n  width: 100%;\n}\n<\/style>\n\t<\/div>\n\t\n\n<p>Telefone: (41)3225-2787<\/p>\n<p>WhatsApp: (41)3225-2779<\/p>\n<a class=\"button white is-link\"  >\n    <span>contato@domcarneiro.com.br<\/span>\n  <\/a>\n\n\n<div class=\"social-icons follow-icons\" ><a href=\"https:\/\/www.facebook.com\/domcarneirocuritiba\/photos\" target=\"_blank\" rel=\"noopener noreferrer nofollow\" data-label=\"Facebook\" class=\"icon plain facebook tooltip\" title=\"Follow on Facebook\" aria-label=\"Follow on Facebook\" ><i class=\"icon-facebook\" ><\/i><\/a><a href=\"https:\/\/www.instagram.com\/restaurante_domcarneiro\/\" target=\"_blank\" rel=\"noopener noreferrer nofollow\" data-label=\"Instagram\" class=\"icon plain instagram tooltip\" title=\"Follow on Instagram\" aria-label=\"Follow on Instagram\" ><i class=\"icon-instagram\" ><\/i><\/a><\/div>\n\n\t<div id=\"gap-2129795181\" class=\"gap-element clearfix\" style=\"display:block; height:auto;\">\n\t\t\n<style>\n#gap-2129795181 {\n  padding-top: 10px;\n}\n<\/style>\n\t<\/div>\n\t\n\n<pDom Carneiro<\/p>\n\n\t\t<\/div>\n\t\t\t\t\t<\/div>\n\n\t\n\n<\/div>\n\n\t\t<\/div>\n\t\t\t\t\t<\/div>\n\n\t\n\n<\/div>\n\n\t\t<\/div>\n\n\t\t\n<style>\n#section_1191686777 {\n  padding-top: 150px;\n  padding-bottom: 150px;\n  background-color: #273647;\n}\n<\/style>\n\t<\/section>\n\t\n\n","protected":false},"excerpt":{"rendered":"","protected":false},"author":1,"featured_media":0,"parent":0,"menu_order":0,"comment_status":"closed","ping_status":"closed","template":"page-blank.php","meta":{"footnotes":""},"class_list":["post-56","page","type-page","status-publish","hentry"],"_links":{"self":[{"href":"https:\/\/prototipo.cgmultimidia.com.br\/domcarneiro\/index.php\/wp-json\/wp\/v2\/pages\/56","targetHints":{"allow":["GET"]}}],"collection":[{"href":"https:\/\/prototipo.cgmultimidia.com.br\/domcarneiro\/index.php\/wp-json\/wp\/v2\/pages"}],"about":[{"href":"https:\/\/prototipo.cgmultimidia.com.br\/domcarneiro\/index.php\/wp-json\/wp\/v2\/types\/page"}],"author":[{"embeddable":true,"href":"https:\/\/prototipo.cgmultimidia.com.br\/domcarneiro\/index.php\/wp-json\/wp\/v2\/users\/1"}],"replies":[{"embeddable":true,"href":"https:\/\/prototipo.cgmultimidia.com.br\/domcarneiro\/index.php\/wp-json\/wp\/v2\/comments?post=56"}],"version-history":[{"count":11,"href":"https:\/\/prototipo.cgmultimidia.com.br\/domcarneiro\/index.php\/wp-json\/wp\/v2\/pages\/56\/revisions"}],"predecessor-version":[{"id":113,"href":"https:\/\/prototipo.cgmultimidia.com.br\/domcarneiro\/index.php\/wp-json\/wp\/v2\/pages\/56\/revisions\/113"}],"wp:attachment":[{"href":"https:\/\/prototipo.cgmultimidia.com.br\/domcarneiro\/index.php\/wp-json\/wp\/v2\/media?parent=56"}],"curies":[{"name":"wp","href":"https:\/\/api.w.org\/{rel}","templated":true}]}}