{"id":57,"date":"2023-11-06T18:15:16","date_gmt":"2023-11-06T18:15:16","guid":{"rendered":"https:\/\/prototipo.cgmultimidia.com.br\/domcarneiro\/?page_id=57"},"modified":"2023-12-12T17:26:25","modified_gmt":"2023-12-12T17:26:25","slug":"restaurante","status":"publish","type":"page","link":"https:\/\/prototipo.cgmultimidia.com.br\/domcarneiro\/index.php\/restaurante\/","title":{"rendered":"Restaurante"},"content":{"rendered":"\n\t<section class=\"section dark\" id=\"section_576076768\">\n\t\t<div class=\"bg section-bg fill bg-fill  \" >\n\n\t\t\t\n\t\t\t<div class=\"section-bg-overlay absolute fill\"><\/div>\n\t\t\t\n\n\t\t<\/div>\n\n\t\t\n\n\t\t<div class=\"section-content relative\">\n\t\t\t\n\n<div class=\"row\"  id=\"row-1760295123\">\n\n\n\t<div id=\"col-1412354193\" class=\"col medium-8 small-12 large-7\"  >\n\t\t\t\t<div class=\"col-inner\"  >\n\t\t\t\n\t\t\t\n\n<div class=\"is-divider divider clearfix\" style=\"margin-top:10px;margin-bottom:10px;background-color:rgb(229, 147, 11);\"><\/div>\n\n\t<div id=\"text-472634572\" class=\"text\">\n\t\t\n\n<h6>DOM CARNEIRO<\/h6>\n<h2><span style=\"font-size: 200%;\">Nosso Restaurante<\/span><\/h2>\n\t\t\n<style>\n#text-472634572 {\n  font-size: 1.6rem;\n}\n<\/style>\n\t<\/div>\n\t\n<a rel=\"noopener noreferrer\" href=\"https:\/\/wa.me\/554132252779\" target=\"_blank\" class=\"button primary is-bevel\"  style=\"border-radius:15px;\">\n    <span>Chama no WhatsApp<\/span>\n  <i class=\"icon-angle-right\" aria-hidden=\"true\" ><\/i><\/a>\n\n\n\n\t\t<\/div>\n\t\t\t\t\t<\/div>\n\n\t\n\n<\/div>\n\n\t\t<\/div>\n\n\t\t\n<style>\n#section_576076768 {\n  padding-top: 80px;\n  padding-bottom: 80px;\n  min-height: 500px;\n}\n#section_576076768 .section-bg-overlay {\n  background-color: rgba(0, 0, 0, 0.41);\n}\n#section_576076768 .section-bg.bg-loaded {\n  background-image: url(https:\/\/prototipo.cgmultimidia.com.br\/domcarneiro\/wp-content\/uploads\/2023\/11\/chef-serving-dish-of-steak-with-carrots-and-mousse-2021-08-29-00-52-19-utc-scaled.jpg);\n}\n#section_576076768 .section-bg {\n  background-position: 28% 72%;\n}\n@media (min-width:550px) {\n  #section_576076768 {\n    min-height: 600px;\n  }\n}\n@media (min-width:850px) {\n  #section_576076768 {\n    min-height: 700px;\n  }\n}\n<\/style>\n\t<\/section>\n\t\n\t<section class=\"section\" id=\"section_572181931\">\n\t\t<div class=\"bg section-bg fill bg-fill  bg-loaded\" >\n\n\t\t\t\n\t\t\t\n\t\t\t\n\n\t\t<\/div>\n\n\t\t\n\n\t\t<div class=\"section-content relative\">\n\t\t\t\n\n<div class=\"row row-collapse row-full-width align-middle\"  id=\"row-853708697\">\n\n\n\t<div id=\"col-2136089172\" class=\"col medium-12 small-12 large-6\"  >\n\t\t\t\t<div class=\"col-inner\"  >\n\t\t\t\n\t\t\t\n\n<div class=\"row\"  id=\"row-1710238365\">\n\n\n\t<div id=\"col-2140550325\" class=\"col small-12 large-12\"  >\n\t\t\t\t<div class=\"col-inner\"  >\n\t\t\t\n\t\t\t\n\n<div class=\"is-divider divider clearfix\" style=\"margin-top:10px;margin-bottom:10px;max-width:500px;background-color:rgb(229, 147, 11);\"><\/div>\n\n<p><strong>Seja bem-vindo ao &#8216;Dom Carneiro&#8217;! Nosso restaurante \u00e9 o destino ideal para os amantes de carneiro. Com um ambiente acolhedor e pratos excepcionais, oferecemos uma experi\u00eancia gastron\u00f4mica \u00fanica que voc\u00ea n\u00e3o pode perder. Venha nos visitar, descubra o sabor aut\u00eantico do carneiro e desfrute do melhor que a nossa churrascaria tem a oferecer. Estamos ansiosos para receb\u00ea-lo!<\/strong><\/p>\n<a rel=\"noopener noreferrer\" href=\"https:\/\/wa.me\/554132252779\" target=\"_blank\" class=\"button primary is-bevel\"  style=\"border-radius:15px;\">\n    <span>Chama no WhatsApp<\/span>\n  <\/a>\n\n\n\n\t\t<\/div>\n\t\t\t\t\t<\/div>\n\n\t\n\n\n<style>\n#row-1710238365 > .col > .col-inner {\n  padding: 5% 5% 5% 5%;\n}\n@media (min-width:550px) {\n  #row-1710238365 > .col > .col-inner {\n    padding: 10% 10% 10% 10%;\n  }\n}\n@media (min-width:850px) {\n  #row-1710238365 > .col > .col-inner {\n    padding: 15% 15% 15% 15%;\n  }\n}\n<\/style>\n<\/div>\n\n\t\t<\/div>\n\t\t\t\t\t<\/div>\n\n\t\n\n\t<div id=\"col-757028121\" class=\"col medium-12 small-12 large-6\"  >\n\t\t\t\t<div class=\"col-inner\"  >\n\t\t\t\n\t\t\t\n\n\n  <div class=\"banner has-hover\" id=\"banner-1768657696\">\n          <div class=\"banner-inner fill\">\n        <div class=\"banner-bg fill\" >\n            <div class=\"bg fill bg-fill \"><\/div>\n                                    \n                    <\/div>\n\t\t\n        <div class=\"banner-layers container\">\n            <div class=\"fill banner-link\"><\/div>            \n\n\n        <\/div>\n      <\/div>\n\n            \n<style>\n#banner-1768657696 {\n  padding-top: 50%;\n}\n#banner-1768657696 .bg.bg-loaded {\n  background-image: url(https:\/\/prototipo.cgmultimidia.com.br\/domcarneiro\/wp-content\/uploads\/2023\/11\/restaurant-chef-slicing-steak-2022-05-24-23-49-09-utc-scaled.jpg);\n}\n#banner-1768657696 .bg {\n  background-position: 39% 26%;\n}\n@media (min-width:850px) {\n  #banner-1768657696 {\n    padding-top: 99.99%;\n  }\n}\n<\/style>\n  <\/div>\n\n\n\n\t\t<\/div>\n\t\t\t\t\t<\/div>\n\n\t\n\n<\/div>\n\n\t\t<\/div>\n\n\t\t\n<style>\n#section_572181931 {\n  padding-top: 0px;\n  padding-bottom: 0px;\n}\n<\/style>\n\t<\/section>\n\t\n\t<section class=\"section\" id=\"section_939347679\">\n\t\t<div class=\"bg section-bg fill bg-fill  bg-loaded\" >\n\n\t\t\t\n\t\t\t\n\t\t\t\n\n\t\t<\/div>\n\n\t\t\n\n\t\t<div class=\"section-content relative\">\n\t\t\t\n\n<div class=\"row row-collapse row-full-width\"  id=\"row-1922485247\">\n\n\n\t<div id=\"col-1359166666\" class=\"col medium-4 small-12 large-4\"  >\n\t\t\t\t<div class=\"col-inner\"  >\n\t\t\t\n\t\t\t\n\n\t<div class=\"box has-hover   has-hover box-shade dark box-text-bottom\" >\n\n\t\t<div class=\"box-image\" >\n\t\t\t\t\t\t<div class=\"image-overlay-add image-cover\" style=\"padding-top:120%;\">\n\t\t\t\t<img loading=\"lazy\" decoding=\"async\" width=\"3784\" height=\"3830\" src=\"https:\/\/prototipo.cgmultimidia.com.br\/domcarneiro\/wp-content\/uploads\/2023\/11\/1.png\" class=\"attachment- size-\" alt=\"\" srcset=\"https:\/\/prototipo.cgmultimidia.com.br\/domcarneiro\/wp-content\/uploads\/2023\/11\/1.png 3784w, https:\/\/prototipo.cgmultimidia.com.br\/domcarneiro\/wp-content\/uploads\/2023\/11\/1-296x300.png 296w, https:\/\/prototipo.cgmultimidia.com.br\/domcarneiro\/wp-content\/uploads\/2023\/11\/1-1012x1024.png 1012w, https:\/\/prototipo.cgmultimidia.com.br\/domcarneiro\/wp-content\/uploads\/2023\/11\/1-768x777.png 768w, https:\/\/prototipo.cgmultimidia.com.br\/domcarneiro\/wp-content\/uploads\/2023\/11\/1-1518x1536.png 1518w, https:\/\/prototipo.cgmultimidia.com.br\/domcarneiro\/wp-content\/uploads\/2023\/11\/1-2023x2048.png 2023w, https:\/\/prototipo.cgmultimidia.com.br\/domcarneiro\/wp-content\/uploads\/2023\/11\/1-600x607.png 600w, https:\/\/prototipo.cgmultimidia.com.br\/domcarneiro\/wp-content\/uploads\/2023\/11\/1-100x100.png 100w\" sizes=\"auto, (max-width: 3784px) 100vw, 3784px\" \/>\t\t\t\t<div class=\"overlay\" style=\"background-color:rgba(0, 0, 0, 0.5)\"><\/div>\t\t\t\t<div class=\"shade\"><\/div>\t\t\t<\/div>\n\t\t\t\t\t<\/div>\n\n\t\t<div class=\"box-text text-left is-large\" style=\"padding:0px 40px 40px 40px;\">\n\t\t\t<div class=\"box-text-inner\">\n\t\t\t\t\n\n\n\t\t\t<\/div>\n\t\t<\/div>\n\t<\/div>\n\t\n\n\t\t<\/div>\n\t\t\t\t\t<\/div>\n\n\t\n\n\t<div id=\"col-1165223192\" class=\"col medium-4 small-12 large-4\"  >\n\t\t\t\t<div class=\"col-inner\"  >\n\t\t\t\n\t\t\t\n\n\t<div class=\"box has-hover   has-hover box-shade dark box-text-bottom\" >\n\n\t\t<div class=\"box-image\" >\n\t\t\t\t\t\t<div class=\"image-overlay-add image-cover\" style=\"padding-top:120%;\">\n\t\t\t\t<img loading=\"lazy\" decoding=\"async\" width=\"3784\" height=\"3830\" src=\"https:\/\/prototipo.cgmultimidia.com.br\/domcarneiro\/wp-content\/uploads\/2023\/11\/2.png\" class=\"attachment- size-\" alt=\"\" srcset=\"https:\/\/prototipo.cgmultimidia.com.br\/domcarneiro\/wp-content\/uploads\/2023\/11\/2.png 3784w, https:\/\/prototipo.cgmultimidia.com.br\/domcarneiro\/wp-content\/uploads\/2023\/11\/2-296x300.png 296w, https:\/\/prototipo.cgmultimidia.com.br\/domcarneiro\/wp-content\/uploads\/2023\/11\/2-1012x1024.png 1012w, https:\/\/prototipo.cgmultimidia.com.br\/domcarneiro\/wp-content\/uploads\/2023\/11\/2-768x777.png 768w, https:\/\/prototipo.cgmultimidia.com.br\/domcarneiro\/wp-content\/uploads\/2023\/11\/2-1518x1536.png 1518w, https:\/\/prototipo.cgmultimidia.com.br\/domcarneiro\/wp-content\/uploads\/2023\/11\/2-2023x2048.png 2023w, https:\/\/prototipo.cgmultimidia.com.br\/domcarneiro\/wp-content\/uploads\/2023\/11\/2-600x607.png 600w, https:\/\/prototipo.cgmultimidia.com.br\/domcarneiro\/wp-content\/uploads\/2023\/11\/2-100x100.png 100w\" sizes=\"auto, (max-width: 3784px) 100vw, 3784px\" \/>\t\t\t\t<div class=\"overlay\" style=\"background-color:rgba(0, 0, 0, 0.5)\"><\/div>\t\t\t\t<div class=\"shade\"><\/div>\t\t\t<\/div>\n\t\t\t\t\t<\/div>\n\n\t\t<div class=\"box-text text-left is-large\" style=\"padding:0px 40px 40px 40px;\">\n\t\t\t<div class=\"box-text-inner\">\n\t\t\t\t\n\n\n\t\t\t<\/div>\n\t\t<\/div>\n\t<\/div>\n\t\n\n\t\t<\/div>\n\t\t\t\t\t<\/div>\n\n\t\n\n\t<div id=\"col-1740452072\" class=\"col medium-4 small-12 large-4\"  >\n\t\t\t\t<div class=\"col-inner\"  >\n\t\t\t\n\t\t\t\n\n\t<div class=\"box has-hover   has-hover box-shade dark box-text-bottom\" >\n\n\t\t<div class=\"box-image\" >\n\t\t\t\t\t\t<div class=\"image-overlay-add image-cover\" style=\"padding-top:120%;\">\n\t\t\t\t<img loading=\"lazy\" decoding=\"async\" width=\"3784\" height=\"3830\" src=\"https:\/\/prototipo.cgmultimidia.com.br\/domcarneiro\/wp-content\/uploads\/2023\/11\/3.png\" class=\"attachment- size-\" alt=\"\" srcset=\"https:\/\/prototipo.cgmultimidia.com.br\/domcarneiro\/wp-content\/uploads\/2023\/11\/3.png 3784w, https:\/\/prototipo.cgmultimidia.com.br\/domcarneiro\/wp-content\/uploads\/2023\/11\/3-296x300.png 296w, https:\/\/prototipo.cgmultimidia.com.br\/domcarneiro\/wp-content\/uploads\/2023\/11\/3-1012x1024.png 1012w, https:\/\/prototipo.cgmultimidia.com.br\/domcarneiro\/wp-content\/uploads\/2023\/11\/3-768x777.png 768w, https:\/\/prototipo.cgmultimidia.com.br\/domcarneiro\/wp-content\/uploads\/2023\/11\/3-1518x1536.png 1518w, https:\/\/prototipo.cgmultimidia.com.br\/domcarneiro\/wp-content\/uploads\/2023\/11\/3-2023x2048.png 2023w, https:\/\/prototipo.cgmultimidia.com.br\/domcarneiro\/wp-content\/uploads\/2023\/11\/3-600x607.png 600w, https:\/\/prototipo.cgmultimidia.com.br\/domcarneiro\/wp-content\/uploads\/2023\/11\/3-100x100.png 100w\" sizes=\"auto, (max-width: 3784px) 100vw, 3784px\" \/>\t\t\t\t<div class=\"overlay\" style=\"background-color:rgba(0, 0, 0, 0.5)\"><\/div>\t\t\t\t<div class=\"shade\"><\/div>\t\t\t<\/div>\n\t\t\t\t\t<\/div>\n\n\t\t<div class=\"box-text text-left is-large\" style=\"padding:0px 40px 40px 40px;\">\n\t\t\t<div class=\"box-text-inner\">\n\t\t\t\t\n\n\n\t\t\t<\/div>\n\t\t<\/div>\n\t<\/div>\n\t\n\n\t\t<\/div>\n\t\t\t\t\t<\/div>\n\n\t\n\n<\/div>\n\n\t\t<\/div>\n\n\t\t\n<style>\n#section_939347679 {\n  padding-top: 0px;\n  padding-bottom: 0px;\n}\n<\/style>\n\t<\/section>\n\t\n\t<section class=\"section dark\" id=\"section_1502477184\">\n\t\t<div class=\"bg section-bg fill bg-fill  bg-loaded\" >\n\n\t\t\t\n\t\t\t\n\t\t\t\n\n\t\t<\/div>\n\n\t\t\n\n\t\t<div class=\"section-content relative\">\n\t\t\t\n\n<div class=\"row\"  id=\"row-959361780\">\n\n\n\t<div id=\"col-1509205199\" class=\"col medium-6 small-12 large-6\"  >\n\t\t\t\t<div class=\"col-inner\"  >\n\t\t\t\n\t\t\t\n\n<div class=\"is-divider divider clearfix\" style=\"margin-top:10px;margin-bottom:10px;max-width:500px;background-color:rgb(229, 147, 11);\"><\/div>\n\n\t<div id=\"text-2812231153\" class=\"text\">\n\t\t\n\n<p><strong>Explore o sabor aut\u00eantico no &#8216;Dom Carneiro&#8217;. Nosso restaurante \u00e9 um ref\u00fagio para os apreciadores de carneiro. Com um ambiente acolhedor e pratos excepcionais, proporcionamos uma experi\u00eancia gastron\u00f4mica \u00edmpar. Para reservas e mais informa\u00e7\u00f5es, n\u00e3o hesite em entrar em contato. Esperamos por voc\u00ea!<\/strong><\/p>\n\t\t\n<style>\n#text-2812231153 {\n  font-size: 1.4rem;\n}\n<\/style>\n\t<\/div>\n\t\n<a rel=\"noopener noreferrer\" href=\"https:\/\/wa.me\/554132252779\" target=\"_blank\" class=\"button primary is-bevel\"  style=\"border-radius:15px;\">\n    <span>Fale Conosco<\/span>\n  <\/a>\n\n\n\n\t\t<\/div>\n\t\t\t\t\t<\/div>\n\n\t\n\n\t<div id=\"col-800120576\" class=\"col medium-6 small-12 large-6\"  >\n\t\t\t\t<div class=\"col-inner\"  >\n\t\t\t\n\t\t\t\n\n<div class=\"row align-center\"  id=\"row-43759424\">\n\n\n\t<div id=\"col-350836280\" class=\"col medium-7 small-12 large-7\"  >\n\t\t\t\t<div class=\"col-inner\"  >\n\t\t\t\n\t\t\t\n\n\t<div class=\"img has-hover x md-x lg-x y md-y lg-y\" id=\"image_431175665\">\n\t\t\t\t\t\t\t\t<div class=\"img-inner dark\" style=\"margin:0px 0px 20px 0px;\">\n\t\t\t<img loading=\"lazy\" decoding=\"async\" width=\"500\" height=\"478\" src=\"https:\/\/prototipo.cgmultimidia.com.br\/domcarneiro\/wp-content\/uploads\/2023\/10\/logo.png\" class=\"attachment-large size-large\" alt=\"\" srcset=\"https:\/\/prototipo.cgmultimidia.com.br\/domcarneiro\/wp-content\/uploads\/2023\/10\/logo.png 500w, https:\/\/prototipo.cgmultimidia.com.br\/domcarneiro\/wp-content\/uploads\/2023\/10\/logo-300x287.png 300w\" sizes=\"auto, (max-width: 500px) 100vw, 500px\" \/>\t\t\t\t\t\t\n\t\t\t\t\t<\/div>\n\t\t\t\t\t\t\t\t\n<style>\n#image_431175665 {\n  width: 100%;\n}\n<\/style>\n\t<\/div>\n\t\n\n<p>WhatsApp: (41)3225-2779<\/p>\n\n<a class=\"button white is-link\"  >\n    <span>contato@domcarneiro.com.br<\/span>\n  <\/a>\n\n\n<div class=\"social-icons follow-icons\" ><a href=\"https:\/\/www.facebook.com\/domcarneirocuritiba\/\" target=\"_blank\" rel=\"noopener noreferrer nofollow\" data-label=\"Facebook\" class=\"icon plain facebook tooltip\" title=\"Follow on Facebook\" aria-label=\"Follow on Facebook\" ><i class=\"icon-facebook\" ><\/i><\/a><a href=\"https:\/\/www.instagram.com\/restaurante_domcarneiro\/\" target=\"_blank\" rel=\"noopener noreferrer nofollow\" data-label=\"Instagram\" class=\"icon plain instagram tooltip\" title=\"Follow on Instagram\" aria-label=\"Follow on Instagram\" ><i class=\"icon-instagram\" ><\/i><\/a><\/div>\n\n\t<div id=\"gap-2123187096\" class=\"gap-element clearfix\" style=\"display:block; height:auto;\">\n\t\t\n<style>\n#gap-2123187096 {\n  padding-top: 10px;\n}\n<\/style>\n\t<\/div>\n\t\n\n<pDom Carneiro<\/p>\n\n\t\t<\/div>\n\t\t\t\t\t<\/div>\n\n\t\n\n<\/div>\n\n\t\t<\/div>\n\t\t\t\t\t<\/div>\n\n\t\n\n<\/div>\n\n\t\t<\/div>\n\n\t\t\n<style>\n#section_1502477184 {\n  padding-top: 150px;\n  padding-bottom: 150px;\n  background-color: #273647;\n}\n<\/style>\n\t<\/section>\n\t\n\n","protected":false},"excerpt":{"rendered":"","protected":false},"author":1,"featured_media":0,"parent":0,"menu_order":0,"comment_status":"closed","ping_status":"closed","template":"page-blank.php","meta":{"footnotes":""},"class_list":["post-57","page","type-page","status-publish","hentry"],"_links":{"self":[{"href":"https:\/\/prototipo.cgmultimidia.com.br\/domcarneiro\/index.php\/wp-json\/wp\/v2\/pages\/57","targetHints":{"allow":["GET"]}}],"collection":[{"href":"https:\/\/prototipo.cgmultimidia.com.br\/domcarneiro\/index.php\/wp-json\/wp\/v2\/pages"}],"about":[{"href":"https:\/\/prototipo.cgmultimidia.com.br\/domcarneiro\/index.php\/wp-json\/wp\/v2\/types\/page"}],"author":[{"embeddable":true,"href":"https:\/\/prototipo.cgmultimidia.com.br\/domcarneiro\/index.php\/wp-json\/wp\/v2\/users\/1"}],"replies":[{"embeddable":true,"href":"https:\/\/prototipo.cgmultimidia.com.br\/domcarneiro\/index.php\/wp-json\/wp\/v2\/comments?post=57"}],"version-history":[{"count":9,"href":"https:\/\/prototipo.cgmultimidia.com.br\/domcarneiro\/index.php\/wp-json\/wp\/v2\/pages\/57\/revisions"}],"predecessor-version":[{"id":114,"href":"https:\/\/prototipo.cgmultimidia.com.br\/domcarneiro\/index.php\/wp-json\/wp\/v2\/pages\/57\/revisions\/114"}],"wp:attachment":[{"href":"https:\/\/prototipo.cgmultimidia.com.br\/domcarneiro\/index.php\/wp-json\/wp\/v2\/media?parent=57"}],"curies":[{"name":"wp","href":"https:\/\/api.w.org\/{rel}","templated":true}]}}